{"id":15352,"date":"2025-05-20T10:15:48","date_gmt":"2025-05-20T08:15:48","guid":{"rendered":"https:\/\/www.oliquide.com\/blog\/?page_id=15352"},"modified":"2025-05-27T16:35:39","modified_gmt":"2025-05-27T14:35:39","slug":"les-conseils-e-liquides","status":"publish","type":"page","link":"https:\/\/www.oliquide.com\/blog\/les-conseils-e-liquides\/","title":{"rendered":"Les conseils e-liquides"},"content":{"rendered":"<p><img decoding=\"async\" src=\"\/blog\/wp-content\/uploads\/2025\/05\/e-liquide-2.svg\" alt=\"\"><\/p>\n<h1>Les conseils e-liquides<\/h1>\n<div>\n<p>La vape, ce n\u2019est pas tr\u00e8s compliqu\u00e9e. Mais il est pr\u00e9f\u00e9rable de suivre nos conseils si vous voulez mettre toutes les chances de votre c\u00f4t\u00e9 pour arr\u00eater de fumer. Et il ne faut jamais oublier que c\u2019est le but. Alors il faut respecter quelques r\u00e8gles, parfois un peu technique.<\/p>\n<p>Retrouvez ici tous les conseils de Vapo, notre expert e-liquides !<\/p>\n<\/div>\n<div>\n<\/div>\n<p><!--more--><br \/>\n<!-- {\"type\":\"layout\",\"children\":[{\"type\":\"section\",\"props\":{\"image_position\":\"center-center\",\"style\":\"primary\",\"title_breakpoint\":\"xl\",\"title_position\":\"top-left\",\"title_rotation\":\"left\",\"vertical_align\":\"middle\",\"width\":\"default\"},\"children\":[{\"type\":\"row\",\"children\":[{\"type\":\"column\",\"props\":{\"image_position\":\"center-center\",\"position_sticky_breakpoint\":\"m\",\"vertical_align\":\"middle\",\"width_medium\":\"1-5\"},\"children\":[{\"type\":\"image\",\"props\":{\"image\":\"wp-content\\\/uploads\\\/2025\\\/05\\\/e-liquide-2.svg\",\"image_height\":200,\"image_svg_color\":\"emphasis\",\"margin\":\"default\",\"text_align\":\"center\"}}]},{\"type\":\"column\",\"props\":{\"image_position\":\"center-center\",\"position_sticky_breakpoint\":\"m\",\"width_medium\":\"4-5\"},\"children\":[{\"type\":\"headline\",\"props\":{\"content\":\"Les conseils e-liquides\",\"title_element\":\"h1\",\"title_style\":\"h1\"}},{\"type\":\"text\",\"props\":{\"column_breakpoint\":\"m\",\"content\":\"\n\n<p>La vape, ce n\\u2019est pas tr\\u00e8s compliqu\\u00e9e. Mais il est pr\\u00e9f\\u00e9rable de suivre nos conseils si vous voulez mettre toutes les chances de votre c\\u00f4t\\u00e9 pour arr\\u00eater de fumer. Et il ne faut jamais oublier que c\\u2019est le but. Alors il faut respecter quelques r\\u00e8gles, parfois un peu technique.<\\\/p>\\n\n\n<p>Retrouvez ici tous les conseils de Vapo, notre expert e-liquides !<\\\/p>\",\"margin\":\"default\"}}]}],\"props\":{\"layout\":\"1-5,4-5\",\"margin_remove_bottom\":false,\"margin_remove_top\":false}}],\"name\":\"Titre et infos Vert\"},{\"type\":\"section\",\"props\":{\"image_position\":\"center-center\",\"style\":\"default\",\"title_breakpoint\":\"xl\",\"title_position\":\"top-left\",\"title_rotation\":\"left\",\"vertical_align\":\"middle\",\"width\":\"default\"},\"children\":[{\"type\":\"row\",\"children\":[{\"type\":\"column\",\"props\":{\"image_position\":\"center-center\",\"position_sticky_breakpoint\":\"m\"},\"children\":[{\"type\":\"grid\",\"props\":{\"blend\":false,\"content_align\":false,\"content_column_breakpoint\":\"m\",\"content_dropcap\":false,\"filter\":false,\"filter_align\":\"left\",\"filter_all\":true,\"filter_grid_breakpoint\":\"m\",\"filter_grid_width\":\"auto\",\"filter_position\":\"top\",\"filter_style\":\"tab\",\"grid_column_align\":false,\"grid_default\":\"1\",\"grid_divider\":false,\"grid_medium\":\"3\",\"grid_parallax_justify\":false,\"grid_row_align\":false,\"icon_width\":80,\"image_align\":\"top\",\"image_grid_breakpoint\":\"m\",\"image_grid_width\":\"1-2\",\"image_height\":250,\"image_loading\":false,\"image_svg_color\":\"emphasis\",\"image_transition\":\"scale-down\",\"image_transition_border\":true,\"image_width\":400,\"item_animation\":true,\"lightbox_bg_close\":true,\"link_fullwidth\":true,\"link_style\":\"primary\",\"link_text\":\"\",\"margin\":\"default\",\"meta_align\":\"above-title\",\"meta_color\":\"primary\",\"meta_element\":\"div\",\"meta_style\":\"text-meta\",\"panel_image_no_padding\":true,\"panel_link\":true,\"panel_link_hover\":true,\"panel_padding\":\"small\",\"panel_style\":\"card-default\",\"show_content\":true,\"show_hover_image\":false,\"show_hover_video\":false,\"show_image\":true,\"show_link\":true,\"show_meta\":true,\"show_title\":true,\"show_video\":true,\"title_align\":\"top\",\"title_element\":\"h3\",\"title_grid_breakpoint\":\"m\",\"title_grid_width\":\"1-2\",\"title_hover_style\":\"reset\",\"title_margin\":\"remove\"},\"children\":[{\"type\":\"grid_item\",\"source\":{\"query\":{\"name\":\"posts.customPosts\",\"arguments\":{\"terms\":[28],\"category_operator\":\"IN\",\"post_tag_operator\":\"IN\",\"users\":[],\"users_operator\":\"IN\",\"offset\":0,\"limit\":6,\"order\":\"date\",\"order_direction\":\"DESC\",\"category_include_children\":\"include\",\"order_alphanum\":false}},\"props\":{\"title\":{\"name\":\"title\"},\"content\":{\"name\":\"excerpt\"},\"link\":{\"name\":\"link\"},\"image\":{\"name\":\"featuredImage.url\"},\"meta\":{\"arguments\":{\"separator\":\", \",\"show_link\":true,\"link_style\":\"\"},\"name\":\"categoryString\"}}}}],\"name\":\"Grille articles std\"},{\"type\":\"pagination\",\"props\":{\"pagination_type\":\"numeric\",\"text_align\":\"center\"}}]}]}]}],\"version\":\"4.5.17\"} --><\/p>\n","protected":false},"excerpt":{"rendered":"<p>Les conseils e-liquides La vape, ce n\u2019est pas tr\u00e8s compliqu\u00e9e. Mais il est pr\u00e9f\u00e9rable de suivre nos conseils si vous voulez mettre toutes les chances de votre c\u00f4t\u00e9 pour arr\u00eater de fumer. Et il ne faut jamais oublier que c\u2019est le but. Alors il faut respecter quelques r\u00e8gles, parfois un peu technique. Retrouvez ici tous [&hellip;]<\/p>\n","protected":false},"author":1,"featured_media":0,"parent":0,"menu_order":0,"comment_status":"closed","ping_status":"closed","template":"","meta":{"footnotes":""},"class_list":["post-15352","page","type-page","status-publish","hentry"],"aioseo_notices":[],"jetpack_sharing_enabled":true,"_links":{"self":[{"href":"https:\/\/www.oliquide.com\/blog\/wp-json\/wp\/v2\/pages\/15352","targetHints":{"allow":["GET"]}}],"collection":[{"href":"https:\/\/www.oliquide.com\/blog\/wp-json\/wp\/v2\/pages"}],"about":[{"href":"https:\/\/www.oliquide.com\/blog\/wp-json\/wp\/v2\/types\/page"}],"author":[{"embeddable":true,"href":"https:\/\/www.oliquide.com\/blog\/wp-json\/wp\/v2\/users\/1"}],"replies":[{"embeddable":true,"href":"https:\/\/www.oliquide.com\/blog\/wp-json\/wp\/v2\/comments?post=15352"}],"version-history":[{"count":10,"href":"https:\/\/www.oliquide.com\/blog\/wp-json\/wp\/v2\/pages\/15352\/revisions"}],"predecessor-version":[{"id":15769,"href":"https:\/\/www.oliquide.com\/blog\/wp-json\/wp\/v2\/pages\/15352\/revisions\/15769"}],"wp:attachment":[{"href":"https:\/\/www.oliquide.com\/blog\/wp-json\/wp\/v2\/media?parent=15352"}],"curies":[{"name":"wp","href":"https:\/\/api.w.org\/{rel}","templated":true}]}}