{"id":15355,"date":"2025-05-20T10:16:52","date_gmt":"2025-05-20T08:16:52","guid":{"rendered":"https:\/\/www.oliquide.com\/blog\/?page_id=15355"},"modified":"2025-05-26T15:33:40","modified_gmt":"2025-05-26T13:33:40","slug":"fabriquer-un-e-liquide-diy-step-by-step","status":"publish","type":"page","link":"https:\/\/www.oliquide.com\/blog\/fabriquer-un-e-liquide-diy-step-by-step\/","title":{"rendered":"Fabriquer un e-liquide DIY step by step"},"content":{"rendered":"<div id=\"ez-toc-container\" class=\"ez-toc-v2_0_82_2 counter-hierarchy ez-toc-counter ez-toc-grey ez-toc-container-direction\">\n<div class=\"ez-toc-title-container\">\n<p class=\"ez-toc-title\" style=\"cursor:inherit\">Sommaire<\/p>\n<span class=\"ez-toc-title-toggle\"><a href=\"#\" class=\"ez-toc-pull-right ez-toc-btn ez-toc-btn-xs ez-toc-btn-default ez-toc-toggle\" aria-label=\"Toggle Table of Content\"><span class=\"ez-toc-js-icon-con\"><span class=\"\"><span class=\"eztoc-hide\" style=\"display:none;\">Toggle<\/span><span class=\"ez-toc-icon-toggle-span\"><svg style=\"fill: #999;color:#999\" xmlns=\"http:\/\/www.w3.org\/2000\/svg\" class=\"list-377408\" width=\"20px\" height=\"20px\" viewBox=\"0 0 24 24\" fill=\"none\"><path d=\"M6 6H4v2h2V6zm14 0H8v2h12V6zM4 11h2v2H4v-2zm16 0H8v2h12v-2zM4 16h2v2H4v-2zm16 0H8v2h12v-2z\" fill=\"currentColor\"><\/path><\/svg><svg style=\"fill: #999;color:#999\" class=\"arrow-unsorted-368013\" xmlns=\"http:\/\/www.w3.org\/2000\/svg\" width=\"10px\" height=\"10px\" viewBox=\"0 0 24 24\" version=\"1.2\" baseProfile=\"tiny\"><path d=\"M18.2 9.3l-6.2-6.3-6.2 6.3c-.2.2-.3.4-.3.7s.1.5.3.7c.2.2.4.3.7.3h11c.3 0 .5-.1.7-.3.2-.2.3-.5.3-.7s-.1-.5-.3-.7zM5.8 14.7l6.2 6.3 6.2-6.3c.2-.2.3-.5.3-.7s-.1-.5-.3-.7c-.2-.2-.4-.3-.7-.3h-11c-.3 0-.5.1-.7.3-.2.2-.3.5-.3.7s.1.5.3.7z\"\/><\/svg><\/span><\/span><\/span><\/a><\/span><\/div>\n<nav><ul class='ez-toc-list ez-toc-list-level-1 eztoc-toggle-hide-by-default' ><li class='ez-toc-page-1 ez-toc-heading-level-1'><a class=\"ez-toc-link ez-toc-heading-1\" href=\"https:\/\/www.oliquide.com\/blog\/fabriquer-un-e-liquide-diy-step-by-step\/#Fabriquer_un_e-liquide_DIY_step_by_step%E2%80%A6\" >Fabriquer un e-liquide DIY step by step&#8230;<\/a><ul class='ez-toc-list-level-2' ><li class='ez-toc-heading-level-2'><a class=\"ez-toc-link ez-toc-heading-2\" href=\"https:\/\/www.oliquide.com\/blog\/fabriquer-un-e-liquide-diy-step-by-step\/#On_vous_devoile_tout_dans_cette_video\" >On vous d\u00e9voile tout dans cette vid\u00e9o<\/a><\/li><li class='ez-toc-page-1 ez-toc-heading-level-2'><a class=\"ez-toc-link ez-toc-heading-3\" href=\"https:\/\/www.oliquide.com\/blog\/fabriquer-un-e-liquide-diy-step-by-step\/#Etape_1_Protegez_vous\" >\u00c9tape 1 : Prot\u00e9gez vous !<\/a><\/li><li class='ez-toc-page-1 ez-toc-heading-level-2'><a class=\"ez-toc-link ez-toc-heading-4\" href=\"https:\/\/www.oliquide.com\/blog\/fabriquer-un-e-liquide-diy-step-by-step\/#Etape_2_Preparez_votre_base\" >\u00c9tape 2 : Pr\u00e9parez votre base<\/a><\/li><li class='ez-toc-page-1 ez-toc-heading-level-2'><a class=\"ez-toc-link ez-toc-heading-5\" href=\"https:\/\/www.oliquide.com\/blog\/fabriquer-un-e-liquide-diy-step-by-step\/#Etape_3_Placez_la_base_dans_un_flacon\" >\u00c9tape 3 : Placez la base dans un flacon<\/a><\/li><li class='ez-toc-page-1 ez-toc-heading-level-2'><a class=\"ez-toc-link ez-toc-heading-6\" href=\"https:\/\/www.oliquide.com\/blog\/fabriquer-un-e-liquide-diy-step-by-step\/#Etape_4_Ajoutez_le_ou_les_aromes\" >\u00c9tape 4 : Ajoutez le ou les arome(s)<\/a><\/li><li class='ez-toc-page-1 ez-toc-heading-level-2'><a class=\"ez-toc-link ez-toc-heading-7\" href=\"https:\/\/www.oliquide.com\/blog\/fabriquer-un-e-liquide-diy-step-by-step\/#Etape_5_Secouez\" >\u00c9tape 5 : Secouez !<\/a><\/li><li class='ez-toc-page-1 ez-toc-heading-level-2'><a class=\"ez-toc-link ez-toc-heading-8\" href=\"https:\/\/www.oliquide.com\/blog\/fabriquer-un-e-liquide-diy-step-by-step\/#Etape_6_Etiquetez\" >\u00c9tape 6 : \u00c9tiquetez !<\/a><\/li><li class='ez-toc-page-1 ez-toc-heading-level-2'><a class=\"ez-toc-link ez-toc-heading-9\" href=\"https:\/\/www.oliquide.com\/blog\/fabriquer-un-e-liquide-diy-step-by-step\/#Etape_7_Laissez_maturer\" >\u00c9tape 7 : Laissez maturer<\/a><\/li><\/ul><\/li><\/ul><\/nav><\/div>\n<h1><span class=\"ez-toc-section\" id=\"Fabriquer_un_e-liquide_DIY_step_by_step%E2%80%A6\"><\/span>Fabriquer un e-liquide DIY step by step&#8230;<span class=\"ez-toc-section-end\"><\/span><\/h1>\n<div>\n<p>Une fois que vous avez r\u00e9uni tous les \u00e9quipement n\u00e9cessaires, vous allez pouvoir vous lancer dans la fabrication de votre e-liquide DIY. Pas de panique,\u00a0on vous accompagne \u00e9tape par \u00e9tape\u00a0! Pensez \u00e0 bien vous laver les mains entre chaque manipulation.<\/p>\n<\/div>\n<h2><span class=\"ez-toc-section\" id=\"On_vous_devoile_tout_dans_cette_video\"><\/span>On vous d\u00e9voile tout dans cette vid\u00e9o<span class=\"ez-toc-section-end\"><\/span><\/h2>\n<p><iframe src=\"https:\/\/vimeo.com\/1005735716\"><\/iframe><\/p>\n<h2><span class=\"ez-toc-section\" id=\"Etape_1_Protegez_vous\"><\/span>\u00c9tape 1 : Prot\u00e9gez vous !<span class=\"ez-toc-section-end\"><\/span><\/h2>\n<div>\n<p>Munissez vous de gants et de lunettes de protection et travaillez hors de port\u00e9e des enfants.<\/p>\n<\/div>\n<h2><span class=\"ez-toc-section\" id=\"Etape_2_Preparez_votre_base\"><\/span>\u00c9tape 2 : Pr\u00e9parez votre base<span class=\"ez-toc-section-end\"><\/span><\/h2>\n<div>\n<p>Si vous souhaitez que votre base soit nicotin\u00e9e, ajoutez des boosters de nicotine et m\u00e9langez les \u00e0 la base pour obtenir le dosage souhait\u00e9.<\/p>\n<\/div>\n<h2><span class=\"ez-toc-section\" id=\"Etape_3_Placez_la_base_dans_un_flacon\"><\/span>\u00c9tape 3 : Placez la base dans un flacon<span class=\"ez-toc-section-end\"><\/span><\/h2>\n<div>\n<p>Lorsque votre base est pr\u00eate, placez l\u00e0 dans un flacon \u00e0 l\u2019aide d\u2019une seringue ou d\u2019une pipette gradu\u00e9e.<\/p>\n<\/div>\n<h2><span class=\"ez-toc-section\" id=\"Etape_4_Ajoutez_le_ou_les_aromes\"><\/span>\u00c9tape 4 : Ajoutez le ou les arome(s)<span class=\"ez-toc-section-end\"><\/span><\/h2>\n<div>\n<p>Ajoutez quelques gouttes d\u2019ar\u00f4mes concentr\u00e9s en respectant pr\u00e9cis\u00e9ment les dosages.<\/p>\n<\/div>\n<h2><span class=\"ez-toc-section\" id=\"Etape_5_Secouez\"><\/span>\u00c9tape 5 : Secouez !<span class=\"ez-toc-section-end\"><\/span><\/h2>\n<div>\n<p>Bien secouez son e-liquide pour m\u00e9langer tous les composants.<\/p>\n<\/div>\n<h2><span class=\"ez-toc-section\" id=\"Etape_6_Etiquetez\"><\/span>\u00c9tape 6 : \u00c9tiquetez !<span class=\"ez-toc-section-end\"><\/span><\/h2>\n<div>\n<p>Collez une \u00e9tiquette sur le flacon et inscrivez y le nom de la recette.<\/p>\n<\/div>\n<h2><span class=\"ez-toc-section\" id=\"Etape_7_Laissez_maturer\"><\/span>\u00c9tape 7 : Laissez maturer<span class=\"ez-toc-section-end\"><\/span><\/h2>\n<div>\n<p><strong>Laissez maturer !<\/strong><br \/>La maturation est une \u00e9tape tr\u00e8s importante dans la fabrication d\u2019e-liquides, car c\u2019est gr\u00e2ce \u00e0 elle que le m\u00e9lange aura un go\u00fbt de l\u2019ar\u00f4me plus prononc\u00e9.<\/p>\n<p>\u00c0 la fin de la pr\u00e9paration d\u2019un e-liquide il faut le laisser reposer. Cela peut durer 3 heures comme cela peut durer 3 semaines (cela varie en fonction de l\u2019ar\u00f4me vers\u00e9 dans le m\u00e9lange) :<\/p>\n<ul>\n<li>Pour les ar\u00f4mes tabacs : minimum 2 semaines de maturation<\/li>\n<li>Pour un ar\u00f4me fruit\u00e9 : 0 \u00e0 5 jours de maturation<\/li>\n<li>Pour un ar\u00f4me fruit\u00e9 complexe avec plusieurs ar\u00f4mes : 3 \u00e0 7 jours de maturation<\/li>\n<li>Pour les ar\u00f4mes gourmand : 2 \u00e0 3 semaines de maturation<\/li>\n<li>Pour des ar\u00f4mes menthe, anis, absinthe, r\u00e9glisse, caf\u00e9, \u00e9pices et vanille : 1 \u00e0 2 semaines de maturation<\/li>\n<li>Pour les ar\u00f4mes contenant de l\u2019alcool : minimum 2 semaines de maturation<\/li>\n<li>Attention, ces dur\u00e9es sont indicatives. C\u2019est votre propre exp\u00e9rience qui vous aidera \u00e0 d\u00e9finir la dur\u00e9e de maturation id\u00e9ale pour vos e-liquides<\/li>\n<\/ul>\n<\/div>\n<h3>BESOIN D\u2019AUTRE CHOSE ?<\/h3>\n<div>\n<p>        <img decoding=\"async\" src=\"\/blog\/wp-content\/uploads\/2025\/05\/ico-coinDIY.svg\" alt=\"\"><\/p>\n<h3>Quels ingr\u00e9dients pour fabriquer mes e-liquides ? <\/h3>\n<p><a href=\"\/blog\/le-coin-diy-2\/le-coin-diy-equipements-et-ingredients\/\"><\/a><\/p>\n<\/div>\n<div>\n<p>        <img decoding=\"async\" src=\"\/blog\/wp-content\/uploads\/2025\/05\/ico-coinDIY.svg\" alt=\"\"><\/p>\n<h3>Les bases du Do  It Yourself <\/h3>\n<p><a href=\"\/blog\/le-coin-diy-2\/\"><\/a><\/p>\n<\/div>\n<p><!--more--><br \/>\n<!-- {\"type\":\"layout\",\"children\":[{\"type\":\"section\",\"props\":{\"image_position\":\"center-center\",\"style\":\"muted\",\"title_breakpoint\":\"xl\",\"title_position\":\"top-left\",\"title_rotation\":\"left\",\"vertical_align\":\"middle\",\"width\":\"default\"},\"children\":[{\"type\":\"row\",\"children\":[{\"type\":\"column\",\"props\":{\"image_position\":\"center-center\",\"position_sticky_breakpoint\":\"m\"},\"children\":[{\"type\":\"headline\",\"props\":{\"content\":\"Fabriquer un e-liquide DIY step by step...\",\"title_element\":\"h1\",\"title_style\":\"h1\"}},{\"type\":\"text\",\"props\":{\"column_breakpoint\":\"m\",\"content\":\"\n\n<p>Une fois que vous avez r\\u00e9uni tous les \\u00e9quipement n\\u00e9cessaires, vous allez pouvoir vous lancer dans la fabrication de votre e-liquide DIY. Pas de panique,\\u00a0on vous accompagne \\u00e9tape par \\u00e9tape\\u00a0! Pensez \\u00e0 bien vous laver les mains entre chaque manipulation.<\\\/p>\",\"margin\":\"default\"}},{\"type\":\"headline\",\"props\":{\"content\":\"On vous d\\u00e9voile tout dans cette vid\\u00e9o\",\"margin\":\"large\",\"text_align\":\"center\",\"title_element\":\"h2\",\"title_style\":\"h2\"}}]}],\"props\":{\"margin_remove_bottom\":false,\"margin_remove_top\":false}}],\"name\":\"Titre et infos\"},{\"type\":\"section\",\"props\":{\"image_position\":\"center-center\",\"style\":\"default\",\"title_breakpoint\":\"xl\",\"title_position\":\"top-left\",\"title_rotation\":\"left\",\"vertical_align\":\"middle\",\"width\":\"default\"},\"children\":[{\"type\":\"row\",\"children\":[{\"type\":\"column\",\"props\":{\"image_position\":\"center-center\",\"position_sticky_breakpoint\":\"m\"},\"children\":[{\"type\":\"video\",\"props\":{\"blend\":false,\"class\":\"uk-border-rounded uk-overflow-hidden\",\"margin\":\"default\",\"video\":\"https:\\\/\\\/vimeo.com\\\/1005735716\",\"video_controls\":true,\"video_height\":1080,\"video_lazyload\":true,\"video_title\":\"Fabriquer sont eliquide maison en 7 \\u00e9tapes\",\"video_width\":1920}}]}]}],\"name\":\"Vid\\u00e9o grand format std\"},{\"type\":\"section\",\"props\":{\"image_position\":\"center-center\",\"style\":\"default\",\"title_breakpoint\":\"xl\",\"title_position\":\"top-left\",\"title_rotation\":\"left\",\"vertical_align\":\"middle\",\"width\":\"default\"},\"children\":[{\"type\":\"row\",\"children\":[{\"type\":\"column\",\"props\":{\"image_position\":\"center-center\",\"padding\":\"xsmall\",\"position_sticky_breakpoint\":\"m\",\"style\":\"card-default\"},\"children\":[{\"type\":\"headline\",\"props\":{\"content\":\"\\u00c9tape 1 : Prot\\u00e9gez vous !\",\"title_element\":\"h2\",\"title_font_family\":\"secondary\",\"title_style\":\"h2\"}},{\"type\":\"text\",\"props\":{\"column_breakpoint\":\"m\",\"content\":\"\n\n<p>Munissez vous de gants et de lunettes de protection et travaillez hors de port\\u00e9e des enfants.<\\\/p>\",\"margin\":\"default\"}}]}]},{\"type\":\"row\",\"children\":[{\"type\":\"column\",\"props\":{\"image_position\":\"center-center\",\"padding\":\"xsmall\",\"position_sticky_breakpoint\":\"m\",\"style\":\"card-default\"},\"children\":[{\"type\":\"headline\",\"props\":{\"content\":\"\\u00c9tape 2 : Pr\\u00e9parez votre base\",\"title_element\":\"h2\",\"title_font_family\":\"secondary\",\"title_style\":\"h2\"}},{\"type\":\"text\",\"props\":{\"column_breakpoint\":\"m\",\"content\":\"\n\n<p>Si vous souhaitez que votre base soit nicotin\\u00e9e, ajoutez des boosters de nicotine et m\\u00e9langez les \\u00e0 la base pour obtenir le dosage souhait\\u00e9.<\\\/p>\",\"margin\":\"default\"}}]}]},{\"type\":\"row\",\"children\":[{\"type\":\"column\",\"props\":{\"image_position\":\"center-center\",\"padding\":\"xsmall\",\"position_sticky_breakpoint\":\"m\",\"style\":\"card-default\"},\"children\":[{\"type\":\"headline\",\"props\":{\"content\":\"\\u00c9tape 3 : Placez la base dans un flacon\",\"title_element\":\"h2\",\"title_font_family\":\"secondary\",\"title_style\":\"h2\"}},{\"type\":\"text\",\"props\":{\"column_breakpoint\":\"m\",\"content\":\"\n\n<p>Lorsque votre base est pr\\u00eate, placez l\\u00e0 dans un flacon \\u00e0 l\\u2019aide d\\u2019une seringue ou d\\u2019une pipette gradu\\u00e9e.<\\\/p>\",\"margin\":\"default\"}}]}]},{\"type\":\"row\",\"children\":[{\"type\":\"column\",\"props\":{\"image_position\":\"center-center\",\"padding\":\"xsmall\",\"position_sticky_breakpoint\":\"m\",\"style\":\"card-default\"},\"children\":[{\"type\":\"headline\",\"props\":{\"content\":\"\\u00c9tape 4 : Ajoutez le ou les arome(s)\",\"title_element\":\"h2\",\"title_font_family\":\"secondary\",\"title_style\":\"h2\"}},{\"type\":\"text\",\"props\":{\"column_breakpoint\":\"m\",\"content\":\"\n\n<p>Ajoutez quelques gouttes d\\u2019ar\\u00f4mes concentr\\u00e9s en respectant pr\\u00e9cis\\u00e9ment les dosages.<\\\/p>\",\"margin\":\"default\"}}]}]},{\"type\":\"row\",\"children\":[{\"type\":\"column\",\"props\":{\"image_position\":\"center-center\",\"padding\":\"xsmall\",\"position_sticky_breakpoint\":\"m\",\"style\":\"card-default\"},\"children\":[{\"type\":\"headline\",\"props\":{\"content\":\"\\u00c9tape 5 : Secouez !\",\"title_element\":\"h2\",\"title_font_family\":\"secondary\",\"title_style\":\"h2\"}},{\"type\":\"text\",\"props\":{\"column_breakpoint\":\"m\",\"content\":\"\n\n<p>Bien secouez son e-liquide pour m\\u00e9langer tous les composants.<\\\/p>\",\"margin\":\"default\"}}]}]},{\"type\":\"row\",\"children\":[{\"type\":\"column\",\"props\":{\"image_position\":\"center-center\",\"padding\":\"xsmall\",\"position_sticky_breakpoint\":\"m\",\"style\":\"card-default\"},\"children\":[{\"type\":\"headline\",\"props\":{\"content\":\"\\u00c9tape 6 : \\u00c9tiquetez !\",\"title_element\":\"h2\",\"title_font_family\":\"secondary\",\"title_style\":\"h2\"}},{\"type\":\"text\",\"props\":{\"column_breakpoint\":\"m\",\"content\":\"\n\n<p>Collez une \\u00e9tiquette sur le flacon et inscrivez y le nom de la recette.<\\\/p>\",\"margin\":\"default\"}}]}]},{\"type\":\"row\",\"children\":[{\"type\":\"column\",\"props\":{\"image_position\":\"center-center\",\"padding\":\"xsmall\",\"position_sticky_breakpoint\":\"m\",\"style\":\"card-default\"},\"children\":[{\"type\":\"headline\",\"props\":{\"content\":\"\\u00c9tape 7 : Laissez maturer\",\"title_element\":\"h2\",\"title_font_family\":\"secondary\",\"title_style\":\"h2\"}},{\"type\":\"text\",\"props\":{\"column_breakpoint\":\"m\",\"content\":\"\n\n<p><strong>Laissez maturer !<\\\/strong><br \\\/>La maturation est une \\u00e9tape tr\\u00e8s importante dans la fabrication d\\u2019e-liquides, car c\\u2019est gr\\u00e2ce \\u00e0 elle que le m\\u00e9lange aura un go\\u00fbt de l\\u2019ar\\u00f4me plus prononc\\u00e9.<\\\/p>\\n\n\n<p>\\u00c0 la fin de la pr\\u00e9paration d\\u2019un e-liquide il faut le laisser reposer. Cela peut durer 3 heures comme cela peut durer 3 semaines (cela varie en fonction de l\\u2019ar\\u00f4me vers\\u00e9 dans le m\\u00e9lange) :<\\\/p>\\n\n\n<ul>\\n\n\n<li>Pour les ar\\u00f4mes tabacs : minimum 2 semaines de maturation<\\\/li>\\n\n\n<li>Pour un ar\\u00f4me fruit\\u00e9 : 0 \\u00e0 5 jours de maturation<\\\/li>\\n\n\n<li>Pour un ar\\u00f4me fruit\\u00e9 complexe avec plusieurs ar\\u00f4mes : 3 \\u00e0 7 jours de maturation<\\\/li>\\n\n\n<li>Pour les ar\\u00f4mes gourmand : 2 \\u00e0 3 semaines de maturation<\\\/li>\\n\n\n<li>Pour des ar\\u00f4mes menthe, anis, absinthe, r\\u00e9glisse, caf\\u00e9, \\u00e9pices et vanille : 1 \\u00e0 2 semaines de maturation<\\\/li>\\n\n\n<li>Pour les ar\\u00f4mes contenant de l\\u2019alcool : minimum 2 semaines de maturation<\\\/li>\\n\n\n<li>Attention, ces dur\\u00e9es sont indicatives. C\\u2019est votre propre exp\\u00e9rience qui vous aidera \\u00e0 d\\u00e9finir la dur\\u00e9e de maturation id\\u00e9ale pour vos e-liquides<\\\/li>\\n<\\\/ul>\",\"margin\":\"default\"}}]}]}],\"name\":\"\\u00e9tapes std\"},{\"type\":\"section\",\"props\":{\"image_position\":\"center-center\",\"padding_remove_top\":true,\"style\":\"default\",\"title_breakpoint\":\"xl\",\"title_position\":\"top-left\",\"title_rotation\":\"left\",\"vertical_align\":\"middle\",\"width\":\"default\"},\"children\":[{\"type\":\"row\",\"children\":[{\"type\":\"column\",\"props\":{\"image_position\":\"center-center\",\"position_sticky_breakpoint\":\"m\"},\"children\":[{\"type\":\"headline\",\"props\":{\"content\":\"BESOIN D\\u2019AUTRE CHOSE ?\",\"text_align\":\"center\",\"title_element\":\"h3\",\"title_style\":\"h3\"}},{\"type\":\"fragment\",\"props\":{\"margin\":\"default\"},\"children\":[{\"type\":\"row\",\"props\":{\"layout\":\"1-2,1-2\"},\"children\":[{\"type\":\"column\",\"props\":{\"image_position\":\"center-center\",\"position_sticky_breakpoint\":\"m\",\"width_medium\":\"1-2\"},\"children\":[{\"type\":\"panel\",\"props\":{\"content\":\"\",\"content_column_breakpoint\":\"m\",\"icon_width\":80,\"image\":\"wp-content\\\/uploads\\\/2025\\\/05\\\/ico-coinDIY.svg\",\"image_align\":\"left\",\"image_grid_breakpoint\":\"m\",\"image_grid_width\":\"auto\",\"image_height\":50,\"image_svg_color\":\"emphasis\",\"image_width\":50,\"link\":\"le-coin-diy-2\\\/le-coin-diy-equipements-et-ingredients\\\/\",\"link_style\":\"default\",\"link_text\":\"\",\"margin\":\"default\",\"meta_align\":\"below-title\",\"meta_element\":\"div\",\"meta_style\":\"text-meta\",\"panel_link\":true,\"panel_padding\":\"small\",\"panel_style\":\"card-default\",\"title\":\"Quels ingr\\u00e9dients pour fabriquer mes e-liquides ? \",\"title_align\":\"top\",\"title_element\":\"h3\",\"title_grid_breakpoint\":\"m\",\"title_grid_width\":\"1-2\",\"title_hover_style\":\"reset\"},\"name\":\"boutton image texte\"}]},{\"type\":\"column\",\"props\":{\"image_position\":\"center-center\",\"position_sticky_breakpoint\":\"m\",\"width_medium\":\"1-2\"},\"children\":[{\"type\":\"panel\",\"props\":{\"content\":\"\",\"content_column_breakpoint\":\"m\",\"icon_width\":80,\"image\":\"wp-content\\\/uploads\\\/2025\\\/05\\\/ico-coinDIY.svg\",\"image_align\":\"left\",\"image_grid_breakpoint\":\"m\",\"image_grid_width\":\"auto\",\"image_height\":50,\"image_svg_color\":\"emphasis\",\"image_width\":50,\"link\":\"le-coin-diy-2\\\/\",\"link_style\":\"default\",\"link_text\":\"\",\"margin\":\"default\",\"meta_align\":\"below-title\",\"meta_element\":\"div\",\"meta_style\":\"text-meta\",\"panel_link\":true,\"panel_padding\":\"small\",\"panel_style\":\"card-default\",\"title\":\"Les bases du Do  It Yourself \",\"title_align\":\"top\",\"title_element\":\"h3\",\"title_grid_breakpoint\":\"m\",\"title_grid_width\":\"1-2\",\"title_hover_style\":\"reset\"},\"name\":\"boutton image texte\"}]}]}]}]}]}],\"name\":\"Liens et navigation basse\"}],\"version\":\"4.5.17\"} --><\/p>\n","protected":false},"excerpt":{"rendered":"<p>Fabriquer un e-liquide DIY step by step&#8230; Une fois que vous avez r\u00e9uni tous les \u00e9quipement n\u00e9cessaires, vous allez pouvoir vous lancer dans la fabrication de votre e-liquide DIY. Pas de panique,\u00a0on vous accompagne \u00e9tape par \u00e9tape\u00a0! Pensez \u00e0 bien vous laver les mains entre chaque manipulation. On vous d\u00e9voile tout dans cette vid\u00e9o \u00c9tape [&hellip;]<\/p>\n","protected":false},"author":1,"featured_media":0,"parent":0,"menu_order":0,"comment_status":"closed","ping_status":"closed","template":"","meta":{"footnotes":""},"class_list":["post-15355","page","type-page","status-publish","hentry"],"aioseo_notices":[],"jetpack_sharing_enabled":true,"_links":{"self":[{"href":"https:\/\/www.oliquide.com\/blog\/wp-json\/wp\/v2\/pages\/15355","targetHints":{"allow":["GET"]}}],"collection":[{"href":"https:\/\/www.oliquide.com\/blog\/wp-json\/wp\/v2\/pages"}],"about":[{"href":"https:\/\/www.oliquide.com\/blog\/wp-json\/wp\/v2\/types\/page"}],"author":[{"embeddable":true,"href":"https:\/\/www.oliquide.com\/blog\/wp-json\/wp\/v2\/users\/1"}],"replies":[{"embeddable":true,"href":"https:\/\/www.oliquide.com\/blog\/wp-json\/wp\/v2\/comments?post=15355"}],"version-history":[{"count":4,"href":"https:\/\/www.oliquide.com\/blog\/wp-json\/wp\/v2\/pages\/15355\/revisions"}],"predecessor-version":[{"id":15604,"href":"https:\/\/www.oliquide.com\/blog\/wp-json\/wp\/v2\/pages\/15355\/revisions\/15604"}],"wp:attachment":[{"href":"https:\/\/www.oliquide.com\/blog\/wp-json\/wp\/v2\/media?parent=15355"}],"curies":[{"name":"wp","href":"https:\/\/api.w.org\/{rel}","templated":true}]}}