{"id":15358,"date":"2025-05-20T10:18:03","date_gmt":"2025-05-20T08:18:03","guid":{"rendered":"https:\/\/www.oliquide.com\/blog\/?page_id=15358"},"modified":"2025-09-25T09:42:15","modified_gmt":"2025-09-25T07:42:15","slug":"le-coin-diy-2","status":"publish","type":"page","link":"https:\/\/www.oliquide.com\/blog\/le-coin-diy-2\/","title":{"rendered":"Le coin DIY"},"content":{"rendered":"<p><img decoding=\"async\" src=\"\/blog\/wp-content\/uploads\/2025\/09\/DIY-2.svg\" alt=\"\"><\/p>\n<div id=\"ez-toc-container\" class=\"ez-toc-v2_0_82_2 counter-hierarchy ez-toc-counter ez-toc-grey ez-toc-container-direction\">\n<div class=\"ez-toc-title-container\">\n<p class=\"ez-toc-title\" style=\"cursor:inherit\">Sommaire<\/p>\n<span class=\"ez-toc-title-toggle\"><a href=\"#\" class=\"ez-toc-pull-right ez-toc-btn ez-toc-btn-xs ez-toc-btn-default ez-toc-toggle\" aria-label=\"Toggle Table of Content\"><span class=\"ez-toc-js-icon-con\"><span class=\"\"><span class=\"eztoc-hide\" style=\"display:none;\">Toggle<\/span><span class=\"ez-toc-icon-toggle-span\"><svg style=\"fill: #999;color:#999\" xmlns=\"http:\/\/www.w3.org\/2000\/svg\" class=\"list-377408\" width=\"20px\" height=\"20px\" viewBox=\"0 0 24 24\" fill=\"none\"><path d=\"M6 6H4v2h2V6zm14 0H8v2h12V6zM4 11h2v2H4v-2zm16 0H8v2h12v-2zM4 16h2v2H4v-2zm16 0H8v2h12v-2z\" fill=\"currentColor\"><\/path><\/svg><svg style=\"fill: #999;color:#999\" class=\"arrow-unsorted-368013\" xmlns=\"http:\/\/www.w3.org\/2000\/svg\" width=\"10px\" height=\"10px\" viewBox=\"0 0 24 24\" version=\"1.2\" baseProfile=\"tiny\"><path d=\"M18.2 9.3l-6.2-6.3-6.2 6.3c-.2.2-.3.4-.3.7s.1.5.3.7c.2.2.4.3.7.3h11c.3 0 .5-.1.7-.3.2-.2.3-.5.3-.7s-.1-.5-.3-.7zM5.8 14.7l6.2 6.3 6.2-6.3c.2-.2.3-.5.3-.7s-.1-.5-.3-.7c-.2-.2-.4-.3-.7-.3h-11c-.3 0-.5.1-.7.3-.2.2-.3.5-.3.7s.1.5.3.7z\"\/><\/svg><\/span><\/span><\/span><\/a><\/span><\/div>\n<nav><ul class='ez-toc-list ez-toc-list-level-1 eztoc-toggle-hide-by-default' ><li class='ez-toc-page-1 ez-toc-heading-level-1'><a class=\"ez-toc-link ez-toc-heading-1\" href=\"https:\/\/www.oliquide.com\/blog\/le-coin-diy-2\/#Le_coin_DIY\" >Le coin DIY<\/a><ul class='ez-toc-list-level-2' ><li class='ez-toc-heading-level-2'><a class=\"ez-toc-link ez-toc-heading-2\" href=\"https:\/\/www.oliquide.com\/blog\/le-coin-diy-2\/#Le_DIY_cest_quoi\" >Le DIY, c\u2019est quoi ?<\/a><\/li><li class='ez-toc-page-1 ez-toc-heading-level-2'><a class=\"ez-toc-link ez-toc-heading-3\" href=\"https:\/\/www.oliquide.com\/blog\/le-coin-diy-2\/#Les_avantages_du_DIY\" >Les avantages du DIY<\/a><\/li><\/ul><\/li><\/ul><\/nav><\/div>\n<h1><span class=\"ez-toc-section\" id=\"Le_coin_DIY\"><\/span>Le coin DIY<span class=\"ez-toc-section-end\"><\/span><\/h1>\n<div>\n<p>C\u2019est ici que vous trouverez toutes les r\u00e9ponses \u00e0 vos questions sur la fabrication de <strong>e-liquides<\/strong> DIY. N\u2019h\u00e9sitez pas \u00e0 nous laisser un commentaire si vous avez besoin de renseignements suppl\u00e9mentaires, nous y r\u00e9pondrons avec plaisir !<\/p>\n<\/div>\n<h2><span class=\"ez-toc-section\" id=\"Le_DIY_cest_quoi\"><\/span>Le DIY, c\u2019est quoi ?<span class=\"ez-toc-section-end\"><\/span><\/h2>\n<div>\n<p>Le\u00a0<strong>DIY<\/strong>\u00a0(= \u00ab <strong>Do It Yourself<\/strong> \u00bb ou \u00ab faites-le vous-m\u00eame \u00bb en fran\u00e7ais), consiste \u00e0\u00a0fabriquer soi-m\u00eame ses e-liquides\u00a0\u00e0 partir d\u2019ingr\u00e9dients achet\u00e9s s\u00e9par\u00e9ment (ar\u00f4mes, bases\u2026). Ce proc\u00e9d\u00e9 vous permet de cr\u00e9er des liquides uniques, parfaitement adapt\u00e9s \u00e0 vos mani\u00e8res de vapoter et \u00e0 vos go\u00fbts.<\/p>\n<p>Avec le DIY, c\u2019est vous qui choisissez tout ! <strong>Vos ar\u00f4mes, vos bases, le taux de nicotine<\/strong>\u2026 Vous allez donc pouvoir, soit recr\u00e9er un liquide qui se rapproche de ce qui existe sur le march\u00e9, soit, pour les plus cr\u00e9atifs, inventer votre propre liquide\u2026 votre all day !<\/p>\n<p>Le DIY n\u00e9cessite un peu de savoir-faire, de patience et surtout, de <strong>respecter les\u00a0r\u00e8gles de s\u00e9curit\u00e9<\/strong>. Vous allez manipuler des produits dont certains contiennent de la nicotine. Rappelez-vous que la nicotine est un produit que vous devez manipuler avec beaucoup pr\u00e9caution.<\/p>\n<\/div>\n<h2><span class=\"ez-toc-section\" id=\"Les_avantages_du_DIY\"><\/span><strong>Les avantages du DIY<\/strong><span class=\"ez-toc-section-end\"><\/span><\/h2>\n<div>\n<p>Fabriquer ses e-liquides soi-m\u00eame, cela a\u00a0beaucoup d\u2019avantages\u00a0:<\/p>\n<ul>\n<li>Vous faites des\u00a0\u00e9conomies, le co\u00fbt de revient de vos e-liquides DIY est bien inf\u00e9rieur \u00e0 celui des e-liquides classiques que vous achetez tout pr\u00eats.<\/li>\n<li>Vous avez une\u00a0infinit\u00e9 de combinaisons de saveurs possibles, combinez les ar\u00f4mes de votre choix et composez un e-liquide qui sera 100% personnalis\u00e9 \u00e0 vos go\u00fbts, vos besoins et vos envies. Il existe tout un tas de recettes sur internet, y compris sur Oliquide o\u00f9 nous avons cr\u00e9\u00e9\u00a0un espace d\u00e9di\u00e9 aux recettes de eliquides DIY. N\u2019h\u00e9sitez pas \u00e0 aller l\u2019alimenter avec vos propres recettes ou \u00e0 aller jeter un oeil \u00e0 celles existantes.<\/li>\n<li>Vous avez la main sur le\u00a0taux de PG\/VG et la teneur en nicotine\u00a0de votre e-liquide. Eh oui\u2026\u00a0100% personnalis\u00e9\u00a0on a dit !<\/li>\n<\/ul>\n<\/div>\n<p><img decoding=\"async\" src=\"\/blog\/wp-content\/uploads\/2025\/05\/vapo_question.svg\" alt=\"\"><\/p>\n<div>\n<p>        <img decoding=\"async\" src=\"\/blog\/wp-content\/uploads\/2025\/05\/ico-coinDIY.svg\" alt=\"\"><\/p>\n<h3>Comment fabriquer mes e-liquides DIY ?<\/h3>\n<p><a href=\"\/blog\/fabriquer-un-e-liquide-diy-step-by-step\/\"><\/a><\/p>\n<\/div>\n<div>\n<p>        <img decoding=\"async\" src=\"\/blog\/wp-content\/uploads\/2025\/05\/ico-coinDIY.svg\" alt=\"\"><\/p>\n<h3>Quels ingr\u00e9dients pour fabriquer mes e-liquides ? <\/h3>\n<p><a href=\"\/blog\/le-coin-diy-2\/le-coin-diy-equipements-et-ingredients\/\"><\/a><\/p>\n<\/div>\n<p><!--more--><br \/>\n<!-- {\"type\":\"layout\",\"children\":[{\"type\":\"section\",\"props\":{\"image_position\":\"center-center\",\"padding_remove_top\":true,\"style\":\"muted\",\"title_breakpoint\":\"xl\",\"title_position\":\"top-left\",\"title_rotation\":\"left\",\"vertical_align\":\"middle\",\"width\":\"default\"},\"children\":[{\"type\":\"row\",\"children\":[{\"type\":\"column\",\"props\":{\"image_position\":\"center-center\",\"position_sticky_breakpoint\":\"m\",\"vertical_align\":\"middle\",\"width_medium\":\"1-5\"},\"children\":[{\"type\":\"image\",\"props\":{\"image\":\"wp-content\\\/uploads\\\/2025\\\/09\\\/DIY-2.svg\",\"image_height\":250,\"image_svg_color\":\"emphasis\",\"margin\":\"default\",\"text_align\":\"center\"}}]},{\"type\":\"column\",\"props\":{\"image_position\":\"center-center\",\"position_sticky_breakpoint\":\"m\",\"vertical_align\":\"middle\",\"width_medium\":\"4-5\"},\"children\":[{\"type\":\"headline\",\"props\":{\"content\":\"Le coin DIY\",\"title_element\":\"h1\",\"title_style\":\"h1\"}},{\"type\":\"text\",\"props\":{\"column_breakpoint\":\"m\",\"content\":\"\n\n<p>C\\u2019est ici que vous trouverez toutes les r\\u00e9ponses \\u00e0 vos questions sur la fabrication de <strong>e-liquides<\\\/strong> DIY. N\\u2019h\\u00e9sitez pas \\u00e0 nous laisser un commentaire si vous avez besoin de renseignements suppl\\u00e9mentaires, nous y r\\u00e9pondrons avec plaisir !<\\\/p>\",\"margin\":\"default\"}}]}],\"props\":{\"layout\":\"1-5,4-5\",\"margin_remove_bottom\":false,\"margin_remove_top\":false}}],\"name\":\"Titre et infos\"},{\"type\":\"section\",\"props\":{\"image_position\":\"center-center\",\"padding_remove_top\":true,\"style\":\"muted\",\"title_breakpoint\":\"xl\",\"title_position\":\"top-left\",\"title_rotation\":\"left\",\"vertical_align\":\"middle\",\"width\":\"default\"},\"children\":[{\"type\":\"row\",\"children\":[{\"type\":\"column\",\"props\":{\"image_position\":\"center-center\",\"position_sticky_breakpoint\":\"m\",\"style\":\"card-default\"},\"children\":[{\"type\":\"headline\",\"props\":{\"content\":\"Le DIY, c\\u2019est quoi ?\",\"text_align\":\"center\",\"title_element\":\"h2\",\"title_style\":\"h2\"}},{\"type\":\"text\",\"props\":{\"column_breakpoint\":\"m\",\"content\":\"\n\n<p>Le\\u00a0<strong>DIY<\\\/strong>\\u00a0(= \\u00ab <strong>Do It Yourself<\\\/strong> \\u00bb ou \\u00ab faites-le vous-m\\u00eame \\u00bb en fran\\u00e7ais), consiste \\u00e0\\u00a0fabriquer soi-m\\u00eame ses e-liquides\\u00a0\\u00e0 partir d\\u2019ingr\\u00e9dients achet\\u00e9s s\\u00e9par\\u00e9ment (ar\\u00f4mes, bases\\u2026). Ce proc\\u00e9d\\u00e9 vous permet de cr\\u00e9er des liquides uniques, parfaitement adapt\\u00e9s \\u00e0 vos mani\\u00e8res de vapoter et \\u00e0 vos go\\u00fbts.<\\\/p>\\n\n\n<p>Avec le DIY, c\\u2019est vous qui choisissez tout ! <strong>Vos ar\\u00f4mes, vos bases, le taux de nicotine<\\\/strong>\\u2026 Vous allez donc pouvoir, soit recr\\u00e9er un liquide qui se rapproche de ce qui existe sur le march\\u00e9, soit, pour les plus cr\\u00e9atifs, inventer votre propre liquide\\u2026 votre all day !<\\\/p>\\n\n\n<p>Le DIY n\\u00e9cessite un peu de savoir-faire, de patience et surtout, de <strong>respecter les\\u00a0r\\u00e8gles de s\\u00e9curit\\u00e9<\\\/strong>. Vous allez manipuler des produits dont certains contiennent de la nicotine. Rappelez-vous que la nicotine est un produit que vous devez manipuler avec beaucoup pr\\u00e9caution.<\\\/p>\",\"margin\":\"default\"}}]}]}],\"name\":\"Inter\\u00eat\"},{\"type\":\"section\",\"props\":{\"image_position\":\"center-center\",\"style\":\"primary\",\"title_breakpoint\":\"xl\",\"title_position\":\"top-left\",\"title_rotation\":\"left\",\"vertical_align\":\"middle\",\"width\":\"default\"},\"children\":[{\"type\":\"row\",\"props\":{\"margin_remove_top\":false,\"width\":\"default\"},\"children\":[{\"type\":\"column\",\"props\":{\"image_position\":\"center-center\",\"position_sticky_breakpoint\":\"m\"},\"children\":[{\"type\":\"headline\",\"props\":{\"content\":\"<strong>Les avantages du DIY<\\\/strong>\",\"text_align\":\"center\",\"title_element\":\"h2\",\"title_style\":\"h2\"}},{\"type\":\"text\",\"props\":{\"column_breakpoint\":\"m\",\"content\":\"\n\n<p>Fabriquer ses e-liquides soi-m\\u00eame, cela a\\u00a0beaucoup d\\u2019avantages\\u00a0:<\\\/p>\\n\n\n<ul>\\n\n\n<li>Vous faites des\\u00a0\\u00e9conomies, le co\\u00fbt de revient de vos e-liquides DIY est bien inf\\u00e9rieur \\u00e0 celui des e-liquides classiques que vous achetez tout pr\\u00eats.<\\\/li>\\n\n\n<li>Vous avez une\\u00a0infinit\\u00e9 de combinaisons de saveurs possibles, combinez les ar\\u00f4mes de votre choix et composez un e-liquide qui sera 100% personnalis\\u00e9 \\u00e0 vos go\\u00fbts, vos besoins et vos envies. Il existe tout un tas de recettes sur internet, y compris sur Oliquide o\\u00f9 nous avons cr\\u00e9\\u00e9\\u00a0un espace d\\u00e9di\\u00e9 aux recettes de eliquides DIY. N\\u2019h\\u00e9sitez pas \\u00e0 aller l\\u2019alimenter avec vos propres recettes ou \\u00e0 aller jeter un oeil \\u00e0 celles existantes.<\\\/li>\\n\n\n<li>Vous avez la main sur le\\u00a0taux de PG\\\/VG et la teneur en nicotine\\u00a0de votre e-liquide. Eh oui\\u2026\\u00a0100% personnalis\\u00e9\\u00a0on a dit !<\\\/li>\\n<\\\/ul>\",\"margin\":\"default\"}}]}]}],\"name\":\"Section bleue\"},{\"type\":\"section\",\"props\":{\"image_position\":\"center-center\",\"padding\":\"none\",\"style\":\"default\",\"title_breakpoint\":\"xl\",\"title_position\":\"top-left\",\"title_rotation\":\"left\",\"vertical_align\":\"middle\",\"width\":\"default\"},\"children\":[{\"type\":\"row\",\"children\":[{\"type\":\"column\",\"props\":{\"image_position\":\"center-center\",\"position_sticky_breakpoint\":\"m\"},\"children\":[{\"type\":\"fragment\",\"props\":{\"margin\":\"default\"},\"children\":[{\"type\":\"row\",\"props\":{\"layout\":\"large,expand\",\"margin_remove_bottom\":true,\"margin_remove_top\":true},\"children\":[{\"type\":\"column\",\"props\":{\"image_position\":\"center-center\",\"position_sticky_breakpoint\":\"m\",\"vertical_align\":\"middle\",\"width_medium\":\"large\"},\"children\":[{\"type\":\"image\",\"props\":{\"image\":\"wp-content\\\/uploads\\\/2025\\\/05\\\/vapo_question.svg\",\"image_svg_color\":\"emphasis\",\"margin\":\"default\",\"text_align\":\"center\"}}]},{\"type\":\"column\",\"props\":{\"image_position\":\"center-center\",\"position_sticky_breakpoint\":\"m\",\"vertical_align\":\"middle\",\"width_medium\":\"expand\"},\"children\":[{\"type\":\"panel\",\"props\":{\"content\":\"\",\"content_column_breakpoint\":\"m\",\"icon_width\":80,\"image\":\"wp-content\\\/uploads\\\/2025\\\/05\\\/ico-coinDIY.svg\",\"image_align\":\"left\",\"image_grid_breakpoint\":\"m\",\"image_grid_width\":\"auto\",\"image_height\":50,\"image_svg_color\":\"emphasis\",\"image_width\":50,\"link\":\"fabriquer-un-e-liquide-diy-step-by-step\\\/\",\"link_style\":\"default\",\"link_text\":\"\",\"margin\":\"default\",\"meta_align\":\"below-title\",\"meta_element\":\"div\",\"meta_style\":\"text-meta\",\"panel_link\":true,\"panel_padding\":\"small\",\"panel_style\":\"card-default\",\"title\":\"Comment fabriquer mes e-liquides DIY ?\",\"title_align\":\"top\",\"title_element\":\"h3\",\"title_grid_breakpoint\":\"m\",\"title_grid_width\":\"1-2\",\"title_hover_style\":\"reset\"},\"name\":\"boutton image texte\"},{\"type\":\"panel\",\"props\":{\"content\":\"\",\"content_column_breakpoint\":\"m\",\"icon_width\":80,\"image\":\"wp-content\\\/uploads\\\/2025\\\/05\\\/ico-coinDIY.svg\",\"image_align\":\"left\",\"image_grid_breakpoint\":\"m\",\"image_grid_width\":\"auto\",\"image_height\":50,\"image_svg_color\":\"emphasis\",\"image_width\":50,\"link\":\"le-coin-diy-2\\\/le-coin-diy-equipements-et-ingredients\\\/\",\"link_style\":\"default\",\"link_text\":\"\",\"margin\":\"default\",\"meta_align\":\"below-title\",\"meta_element\":\"div\",\"meta_style\":\"text-meta\",\"panel_link\":true,\"panel_padding\":\"small\",\"panel_style\":\"card-default\",\"title\":\"Quels ingr\\u00e9dients pour fabriquer mes e-liquides ? \",\"title_align\":\"top\",\"title_element\":\"h3\",\"title_grid_breakpoint\":\"m\",\"title_grid_width\":\"1-2\",\"title_hover_style\":\"reset\"},\"name\":\"boutton image texte\"}]}]}]}]}],\"props\":{\"margin_remove_bottom\":false,\"margin_remove_top\":false}}]}],\"version\":\"4.5.28\"} --><\/p>\n","protected":false},"excerpt":{"rendered":"<p>Le coin DIY C\u2019est ici que vous trouverez toutes les r\u00e9ponses \u00e0 vos questions sur la fabrication de e-liquides DIY. N\u2019h\u00e9sitez pas \u00e0 nous laisser un commentaire si vous avez besoin de renseignements suppl\u00e9mentaires, nous y r\u00e9pondrons avec plaisir ! Le DIY, c\u2019est quoi ? Le\u00a0DIY\u00a0(= \u00ab Do It Yourself \u00bb ou \u00ab faites-le vous-m\u00eame [&hellip;]<\/p>\n","protected":false},"author":1,"featured_media":0,"parent":0,"menu_order":0,"comment_status":"closed","ping_status":"closed","template":"","meta":{"footnotes":""},"class_list":["post-15358","page","type-page","status-publish","hentry"],"aioseo_notices":[],"jetpack_sharing_enabled":true,"_links":{"self":[{"href":"https:\/\/www.oliquide.com\/blog\/wp-json\/wp\/v2\/pages\/15358","targetHints":{"allow":["GET"]}}],"collection":[{"href":"https:\/\/www.oliquide.com\/blog\/wp-json\/wp\/v2\/pages"}],"about":[{"href":"https:\/\/www.oliquide.com\/blog\/wp-json\/wp\/v2\/types\/page"}],"author":[{"embeddable":true,"href":"https:\/\/www.oliquide.com\/blog\/wp-json\/wp\/v2\/users\/1"}],"replies":[{"embeddable":true,"href":"https:\/\/www.oliquide.com\/blog\/wp-json\/wp\/v2\/comments?post=15358"}],"version-history":[{"count":11,"href":"https:\/\/www.oliquide.com\/blog\/wp-json\/wp\/v2\/pages\/15358\/revisions"}],"predecessor-version":[{"id":17443,"href":"https:\/\/www.oliquide.com\/blog\/wp-json\/wp\/v2\/pages\/15358\/revisions\/17443"}],"wp:attachment":[{"href":"https:\/\/www.oliquide.com\/blog\/wp-json\/wp\/v2\/media?parent=15358"}],"curies":[{"name":"wp","href":"https:\/\/api.w.org\/{rel}","templated":true}]}}