{"id":2938,"date":"2021-07-02T08:39:59","date_gmt":"2021-07-02T07:39:59","guid":{"rendered":"https:\/\/vapactu.oliquide.com\/?page_id=2938"},"modified":"2021-07-02T08:39:59","modified_gmt":"2021-07-02T07:39:59","slug":"diy-etape-par-etape","status":"publish","type":"page","link":"https:\/\/www.oliquide.com\/blog\/diy-etape-par-etape\/","title":{"rendered":"Comment fabriquer mon e-liquide step by step ?"},"content":{"rendered":"<div id=\"ez-toc-container\" class=\"ez-toc-v2_0_82_1 counter-hierarchy ez-toc-counter ez-toc-grey ez-toc-container-direction\">\n<div class=\"ez-toc-title-container\">\n<p class=\"ez-toc-title\" style=\"cursor:inherit\">Sommaire<\/p>\n<span class=\"ez-toc-title-toggle\"><a href=\"#\" class=\"ez-toc-pull-right ez-toc-btn ez-toc-btn-xs ez-toc-btn-default ez-toc-toggle\" aria-label=\"Toggle Table of Content\"><span class=\"ez-toc-js-icon-con\"><span class=\"\"><span class=\"eztoc-hide\" style=\"display:none;\">Toggle<\/span><span class=\"ez-toc-icon-toggle-span\"><svg style=\"fill: #999;color:#999\" xmlns=\"http:\/\/www.w3.org\/2000\/svg\" class=\"list-377408\" width=\"20px\" height=\"20px\" viewBox=\"0 0 24 24\" fill=\"none\"><path d=\"M6 6H4v2h2V6zm14 0H8v2h12V6zM4 11h2v2H4v-2zm16 0H8v2h12v-2zM4 16h2v2H4v-2zm16 0H8v2h12v-2z\" fill=\"currentColor\"><\/path><\/svg><svg style=\"fill: #999;color:#999\" class=\"arrow-unsorted-368013\" xmlns=\"http:\/\/www.w3.org\/2000\/svg\" width=\"10px\" height=\"10px\" viewBox=\"0 0 24 24\" version=\"1.2\" baseProfile=\"tiny\"><path d=\"M18.2 9.3l-6.2-6.3-6.2 6.3c-.2.2-.3.4-.3.7s.1.5.3.7c.2.2.4.3.7.3h11c.3 0 .5-.1.7-.3.2-.2.3-.5.3-.7s-.1-.5-.3-.7zM5.8 14.7l6.2 6.3 6.2-6.3c.2-.2.3-.5.3-.7s-.1-.5-.3-.7c-.2-.2-.4-.3-.7-.3h-11c-.3 0-.5.1-.7.3-.2.2-.3.5-.3.7s.1.5.3.7z\"\/><\/svg><\/span><\/span><\/span><\/a><\/span><\/div>\n<nav><ul class='ez-toc-list ez-toc-list-level-1 eztoc-toggle-hide-by-default' ><li class='ez-toc-page-1 ez-toc-heading-level-1'><a class=\"ez-toc-link ez-toc-heading-1\" href=\"https:\/\/www.oliquide.com\/blog\/diy-etape-par-etape\/#Fabriquer_un_e-liquide_DIY_step_by_step%E2%80%A6\" >Fabriquer un e-liquide DIY step by step&#8230;<\/a><\/li><li class='ez-toc-page-1 ez-toc-heading-level-1'><a class=\"ez-toc-link ez-toc-heading-2\" href=\"https:\/\/www.oliquide.com\/blog\/diy-etape-par-etape\/#Etape_1_Protegez_vous\" >\u00c9tape 1 : Prot\u00e9gez vous\u00a0<\/a><\/li><li class='ez-toc-page-1 ez-toc-heading-level-1'><a class=\"ez-toc-link ez-toc-heading-3\" href=\"https:\/\/www.oliquide.com\/blog\/diy-etape-par-etape\/#Etape_2_Preparez_votre_base\" >\u00c9tape 2 : Pr\u00e9parez votre base<\/a><\/li><li class='ez-toc-page-1 ez-toc-heading-level-1'><a class=\"ez-toc-link ez-toc-heading-4\" href=\"https:\/\/www.oliquide.com\/blog\/diy-etape-par-etape\/#Etape_3_Placez_la_base_dans_un_flacon\" >\u00c9tape 3 : Placez la base dans un flacon<\/a><\/li><li class='ez-toc-page-1 ez-toc-heading-level-1'><a class=\"ez-toc-link ez-toc-heading-5\" href=\"https:\/\/www.oliquide.com\/blog\/diy-etape-par-etape\/#Etape_4_Ajoutez_le_ou_les_aromes\" >\u00c9tape 4 : Ajoutez le ou les ar\u00f4me(s)<\/a><\/li><li class='ez-toc-page-1 ez-toc-heading-level-1'><a class=\"ez-toc-link ez-toc-heading-6\" href=\"https:\/\/www.oliquide.com\/blog\/diy-etape-par-etape\/#Etape_5_Secouez\" >\u00c9tape 5 : Secouez<\/a><\/li><li class='ez-toc-page-1 ez-toc-heading-level-1'><a class=\"ez-toc-link ez-toc-heading-7\" href=\"https:\/\/www.oliquide.com\/blog\/diy-etape-par-etape\/#Etape_6_Etiquetez\" >\u00c9tape 6 : \u00c9tiquetez<\/a><\/li><li class='ez-toc-page-1 ez-toc-heading-level-1'><a class=\"ez-toc-link ez-toc-heading-8\" href=\"https:\/\/www.oliquide.com\/blog\/diy-etape-par-etape\/#Etape_7_Place_a_la_maturation\" >\u00c9tape 7 : Place \u00e0 la maturation<\/a><\/li><\/ul><\/nav><\/div>\n<h1><span class=\"ez-toc-section\" id=\"Fabriquer_un_e-liquide_DIY_step_by_step%E2%80%A6\"><\/span>Fabriquer un e-liquide DIY step by step&#8230;<span class=\"ez-toc-section-end\"><\/span><\/h1>\n<div>\n<p><em>Une fois que vous avez r\u00e9uni tous les \u00e9quipement n\u00e9cessaires, vous allez pouvoir vous lancer dans la fabrication de votre e-liquide DIY. Pas de panique,<span>\u00a0<\/span><strong>on vous accompagne \u00e9tape par \u00e9tape<\/strong><span>\u00a0<\/span>! Pensez \u00e0 bien vous laver les mains entre chaque manipulation.<\/em><\/p>\n<\/div>\n<div>\n<div style=\"padding:56.25% 0 0 0;position:relative;\"><iframe src=\"https:\/\/player.vimeo.com\/video\/1005735716?badge=0&amp;autopause=0&amp;player_id=0&amp;app_id=58479\" frameborder=\"0\" allow=\"autoplay; fullscreen; picture-in-picture; clipboard-write\" style=\"position:absolute;top:0;left:0;width:100%;height:100%;\" title=\"Fabriquer son e-liquide maison en 7 \u00e9tapes ! \u2705\"><\/iframe><\/div>\n<p><script src=\"https:\/\/player.vimeo.com\/api\/player.js\"><\/script>\n<\/div>\n<h1><span class=\"ez-toc-section\" id=\"Etape_1_Protegez_vous\"><\/span>\n<h2>\u00c9tape 1 : Prot\u00e9gez vous\u00a0<\/h2>\n<span class=\"ez-toc-section-end\"><\/span><\/h1>\n<div>\n<p><span>Munissez vous de gants et de lunettes de protection et travaillez hors de port\u00e9e des enfants.<\/span><\/p>\n<\/div>\n<h1><span class=\"ez-toc-section\" id=\"Etape_2_Preparez_votre_base\"><\/span>\n<h2>\u00c9tape 2 : Pr\u00e9parez votre base<\/h2>\n<span class=\"ez-toc-section-end\"><\/span><\/h1>\n<div>\n<p><span>Si vous souhaitez que votre base soit nicotin\u00e9e, ajoutez des boosters de nicotine et m\u00e9langez les \u00e0 la base pour obtenir le dosage souhait\u00e9.<\/span><\/p>\n<\/div>\n<h1><span class=\"ez-toc-section\" id=\"Etape_3_Placez_la_base_dans_un_flacon\"><\/span>\n<h2>\u00c9tape 3 : Placez la base dans un flacon<\/h2>\n<span class=\"ez-toc-section-end\"><\/span><\/h1>\n<div>\n<p><span>Lorsque votre base est pr\u00eate, placez l\u00e0 dans un flacon \u00e0 l\u2019aide d\u2019une seringue ou d\u2019une pipette gradu\u00e9e.<\/span><\/p>\n<\/div>\n<h1><span class=\"ez-toc-section\" id=\"Etape_4_Ajoutez_le_ou_les_aromes\"><\/span>\n<h2>\u00c9tape 4 : Ajoutez le ou les ar\u00f4me(s)<\/h2>\n<span class=\"ez-toc-section-end\"><\/span><\/h1>\n<div>\n<p><span>Ajoutez quelques gouttes d\u2019ar\u00f4mes concentr\u00e9s en respectant pr\u00e9cis\u00e9ment les dosages.<\/span><\/p>\n<\/div>\n<h1><span class=\"ez-toc-section\" id=\"Etape_5_Secouez\"><\/span>\n<h2>\u00c9tape 5 : Secouez<\/h2>\n<span class=\"ez-toc-section-end\"><\/span><\/h1>\n<div>\n<p><span>Ajoutez quelques gouttes d\u2019ar\u00f4mes concentr\u00e9s en respectant pr\u00e9cis\u00e9ment les dosages.<\/span><\/p>\n<\/div>\n<h1><span class=\"ez-toc-section\" id=\"Etape_6_Etiquetez\"><\/span>\n<h2>\u00c9tape 6 : \u00c9tiquetez<\/h2>\n<span class=\"ez-toc-section-end\"><\/span><\/h1>\n<div>\n<p><span>Collez une \u00e9tiquette sur le flacon et inscrivez y le nom de la recette.<\/span><\/p>\n<\/div>\n<h1><span class=\"ez-toc-section\" id=\"Etape_7_Place_a_la_maturation\"><\/span>\n<h2>\u00c9tape 7 : Place \u00e0 la maturation<\/h2>\n<span class=\"ez-toc-section-end\"><\/span><\/h1>\n<div>\n<div class=\"et_pb_module et_pb_text et_pb_text_14  et_pb_text_align_left et_pb_bg_layout_light\">\n<div class=\"et_pb_text_inner\">\n<p>Laissez maturer !<br \/>La maturation est une \u00e9tape tr\u00e8s importante dans la fabrication d\u2019e-liquides, car c\u2019est gr\u00e2ce \u00e0 elle que le m\u00e9lange aura un go\u00fbt de l\u2019ar\u00f4me plus prononc\u00e9.<br \/>\u00c0 la fin de la pr\u00e9paration d\u2019un e-liquide il faut le laisser reposer. Cela peut durer 3 heures comme cela peut durer 3 semaines (cela varie en fonction de l\u2019ar\u00f4me vers\u00e9 dans le m\u00e9lange) :<\/p>\n<\/div>\n<\/div>\n<div class=\"et_pb_module et_pb_text et_pb_text_15  et_pb_text_align_left et_pb_bg_layout_light\">\n<div class=\"et_pb_text_inner\">\n<ul>\n<li>Pour les ar\u00f4mes tabacs : minimum 2 semaines de maturation<\/li>\n<li>Pour un ar\u00f4me fruit\u00e9 : 0 \u00e0 5 jours de maturation<\/li>\n<li>Pour un ar\u00f4me fruit\u00e9 complexe avec plusieurs ar\u00f4mes : 3 \u00e0 7 jours de maturation<\/li>\n<li>Pour les ar\u00f4mes gourmand : 2 \u00e0 3 semaines de maturation<\/li>\n<li>Pour des ar\u00f4mes menthe, anis, absinthe, r\u00e9glisse, caf\u00e9, \u00e9pices et vanille : 1 \u00e0 2 semaines de maturation<\/li>\n<li>Pour les ar\u00f4mes contenant de l\u2019alcool : minimum 2 semaines de maturation<\/li>\n<li>Attention, ces dur\u00e9es sont indicatives. C\u2019est votre propre exp\u00e9rience qui vous aidera \u00e0 d\u00e9finir la dur\u00e9e de maturation id\u00e9ale pour vos e-liquides.<\/li>\n<\/ul>\n<\/div>\n<\/div>\n<\/div>\n<p>\n    <a href=\"\/index.php?page_id=2657\">Le DIY, kesako ? Les bases du Do It Yourself<\/a>\n<\/p>\n<p>\n    <a href=\"\/index.php?page_id=2799\">Quels ingr\u00e9dients pour fabriquer son e-liquide DIY ?<\/a>\n<\/p>\n<p><!--more--><br \/>\n<!-- {\"type\":\"layout\",\"children\":[{\"type\":\"section\",\"props\":{\"image_position\":\"center-center\",\"padding_remove_bottom\":false,\"style\":\"secondary\",\"title_breakpoint\":\"xl\",\"title_position\":\"top-left\",\"title_rotation\":\"left\",\"vertical_align\":\"\",\"width\":\"default\"},\"children\":[{\"type\":\"row\",\"children\":[{\"type\":\"column\",\"props\":{\"image_position\":\"center-center\",\"position_sticky_breakpoint\":\"m\"},\"children\":[{\"type\":\"headline\",\"props\":{\"content\":\"Fabriquer un e-liquide DIY step by step...\",\"title_element\":\"h1\"}},{\"type\":\"text\",\"props\":{\"column_breakpoint\":\"m\",\"content\":\"\n\n<p><em>Une fois que vous avez r\\u00e9uni tous les \\u00e9quipement n\\u00e9cessaires, vous allez pouvoir vous lancer dans la fabrication de votre e-liquide DIY. Pas de panique,<span>\\u00a0<\\\/span><strong>on vous accompagne \\u00e9tape par \\u00e9tape<\\\/strong><span>\\u00a0<\\\/span>! Pensez \\u00e0 bien vous laver les mains entre chaque manipulation.<\\\/em><\\\/p>\",\"dropcap\":false,\"margin\":\"default\",\"text_style\":\"lead\"}}]}]}],\"name\":\"header\"},{\"type\":\"section\",\"props\":{\"image_position\":\"center-center\",\"padding_remove_top\":false,\"style\":\"default\",\"title_breakpoint\":\"xl\",\"title_position\":\"top-left\",\"title_rotation\":\"left\",\"vertical_align\":\"\",\"width\":\"default\"},\"children\":[{\"type\":\"row\",\"children\":[{\"type\":\"column\",\"props\":{\"image_position\":\"center-center\",\"position_sticky_breakpoint\":\"m\"},\"children\":[{\"type\":\"html\",\"props\":{\"content\":\"\n\n<div style=\\\"padding:56.25% 0 0 0;position:relative;\\\"><iframe src=\\\"https:\\\/\\\/player.vimeo.com\\\/video\\\/1005735716?badge=0&amp;autopause=0&amp;player_id=0&amp;app_id=58479\\\" frameborder=\\\"0\\\" allow=\\\"autoplay; fullscreen; picture-in-picture; clipboard-write\\\" style=\\\"position:absolute;top:0;left:0;width:100%;height:100%;\\\" title=\\\"Fabriquer son e-liquide maison en 7 \\u00e9tapes ! \\u2705\\\"><\\\/iframe><\\\/div><script src=\\\"https:\\\/\\\/player.vimeo.com\\\/api\\\/player.js\\\"><\\\/script>\"}},{\"type\":\"headline\",\"props\":{\"content\":\"\n\n<h2>\\u00c9tape 1 : Prot\\u00e9gez vous\\u00a0<\\\/h2>\",\"title_element\":\"h1\"}},{\"type\":\"text\",\"props\":{\"column_breakpoint\":\"m\",\"content\":\"\n\n<p><span>Munissez vous de gants et de lunettes de protection et travaillez hors de port\\u00e9e des enfants.<\\\/span><\\\/p>\",\"margin\":\"default\"}},{\"type\":\"headline\",\"props\":{\"content\":\"\n\n<h2>\\u00c9tape 2 : Pr\\u00e9parez votre base<\\\/h2>\",\"title_element\":\"h1\"}},{\"type\":\"text\",\"props\":{\"column_breakpoint\":\"m\",\"content\":\"\n\n<p><span>Si vous souhaitez que votre base soit nicotin\\u00e9e, ajoutez des boosters de nicotine et m\\u00e9langez les \\u00e0 la base pour obtenir le dosage souhait\\u00e9.<\\\/span><\\\/p>\",\"margin\":\"default\"}},{\"type\":\"headline\",\"props\":{\"content\":\"\n\n<h2>\\u00c9tape 3 : Placez la base dans un flacon<\\\/h2>\",\"title_element\":\"h1\"}},{\"type\":\"text\",\"props\":{\"column_breakpoint\":\"m\",\"content\":\"\n\n<p><span>Lorsque votre base est pr\\u00eate, placez l\\u00e0 dans un flacon \\u00e0 l\\u2019aide d\\u2019une seringue ou d\\u2019une pipette gradu\\u00e9e.<\\\/span><\\\/p>\",\"margin\":\"default\"}},{\"type\":\"headline\",\"props\":{\"content\":\"\n\n<h2>\\u00c9tape 4 : Ajoutez le ou les ar\\u00f4me(s)<\\\/h2>\",\"title_element\":\"h1\"}},{\"type\":\"text\",\"props\":{\"column_breakpoint\":\"m\",\"content\":\"\n\n<p><span>Ajoutez quelques gouttes d\\u2019ar\\u00f4mes concentr\\u00e9s en respectant pr\\u00e9cis\\u00e9ment les dosages.<\\\/span><\\\/p>\",\"margin\":\"default\"}},{\"type\":\"headline\",\"props\":{\"content\":\"\n\n<h2>\\u00c9tape 5 : Secouez<\\\/h2>\",\"title_element\":\"h1\"}},{\"type\":\"text\",\"props\":{\"column_breakpoint\":\"m\",\"content\":\"\n\n<p><span>Ajoutez quelques gouttes d\\u2019ar\\u00f4mes concentr\\u00e9s en respectant pr\\u00e9cis\\u00e9ment les dosages.<\\\/span><\\\/p>\",\"margin\":\"default\"}},{\"type\":\"headline\",\"props\":{\"content\":\"\n\n<h2>\\u00c9tape 6 : \\u00c9tiquetez<\\\/h2>\",\"title_element\":\"h1\"}},{\"type\":\"text\",\"props\":{\"column_breakpoint\":\"m\",\"content\":\"\n\n<p><span>Collez une \\u00e9tiquette sur le flacon et inscrivez y le nom de la recette.<\\\/span><\\\/p>\",\"margin\":\"default\"}},{\"type\":\"headline\",\"props\":{\"content\":\"\n\n<h2>\\u00c9tape 7 : Place \\u00e0 la maturation<\\\/h2>\",\"title_element\":\"h1\"}},{\"type\":\"text\",\"props\":{\"column_breakpoint\":\"m\",\"content\":\"\n\n<div class=\\\"et_pb_module et_pb_text et_pb_text_14  et_pb_text_align_left et_pb_bg_layout_light\\\">\\n\n\n<div class=\\\"et_pb_text_inner\\\">\\n\n\n<p>Laissez maturer !<br \\\/>La maturation est une \\u00e9tape tr\\u00e8s importante dans la fabrication d\\u2019e-liquides, car c\\u2019est gr\\u00e2ce \\u00e0 elle que le m\\u00e9lange aura un go\\u00fbt de l\\u2019ar\\u00f4me plus prononc\\u00e9.<br \\\/>\\u00c0 la fin de la pr\\u00e9paration d\\u2019un e-liquide il faut le laisser reposer. Cela peut durer 3 heures comme cela peut durer 3 semaines (cela varie en fonction de l\\u2019ar\\u00f4me vers\\u00e9 dans le m\\u00e9lange) :<\\\/p>\\n<\\\/div>\\n<\\\/div>\\n\n\n<div class=\\\"et_pb_module et_pb_text et_pb_text_15  et_pb_text_align_left et_pb_bg_layout_light\\\">\\n\n\n<div class=\\\"et_pb_text_inner\\\">\\n\n\n<ul>\\n\n\n<li>Pour les ar\\u00f4mes tabacs : minimum 2 semaines de maturation<\\\/li>\\n\n\n<li>Pour un ar\\u00f4me fruit\\u00e9 : 0 \\u00e0 5 jours de maturation<\\\/li>\\n\n\n<li>Pour un ar\\u00f4me fruit\\u00e9 complexe avec plusieurs ar\\u00f4mes : 3 \\u00e0 7 jours de maturation<\\\/li>\\n\n\n<li>Pour les ar\\u00f4mes gourmand : 2 \\u00e0 3 semaines de maturation<\\\/li>\\n\n\n<li>Pour des ar\\u00f4mes menthe, anis, absinthe, r\\u00e9glisse, caf\\u00e9, \\u00e9pices et vanille : 1 \\u00e0 2 semaines de maturation<\\\/li>\\n\n\n<li>Pour les ar\\u00f4mes contenant de l\\u2019alcool : minimum 2 semaines de maturation<\\\/li>\\n\n\n<li>Attention, ces dur\\u00e9es sont indicatives. C\\u2019est votre propre exp\\u00e9rience qui vous aidera \\u00e0 d\\u00e9finir la dur\\u00e9e de maturation id\\u00e9ale pour vos e-liquides.<\\\/li>\\n<\\\/ul>\\n<\\\/div>\\n<\\\/div>\",\"margin\":\"default\"}}]}]}]},{\"type\":\"section\",\"props\":{\"image_position\":\"center-center\",\"padding_remove_bottom\":false,\"padding_remove_top\":true,\"style\":\"default\",\"title_breakpoint\":\"xl\",\"title_position\":\"top-left\",\"title_rotation\":\"left\",\"vertical_align\":\"\",\"width\":\"default\"},\"children\":[{\"type\":\"row\",\"props\":{\"layout\":\"1-2,1-2\"},\"children\":[{\"type\":\"column\",\"props\":{\"image_position\":\"center-center\",\"position_sticky_breakpoint\":\"m\",\"width_medium\":\"1-2\"},\"children\":[{\"type\":\"button\",\"props\":{\"grid_column_gap\":\"small\",\"grid_row_gap\":\"small\",\"margin\":\"small\",\"margin_remove_top\":true,\"text_align\":\"right\"},\"children\":[{\"type\":\"button_item\",\"props\":{\"button_style\":\"primary\",\"content\":\"Le DIY, kesako ? Les bases du Do It Yourself\",\"icon\":\"chevron-right\",\"icon_align\":\"right\",\"link\":\"index.php?page_id=2657\"}}]}]},{\"type\":\"column\",\"props\":{\"image_position\":\"center-center\",\"position_sticky_breakpoint\":\"m\",\"width_medium\":\"1-2\"},\"children\":[{\"type\":\"button\",\"props\":{\"grid_column_gap\":\"small\",\"grid_row_gap\":\"small\",\"margin\":\"default\"},\"children\":[{\"type\":\"button_item\",\"props\":{\"button_style\":\"primary\",\"content\":\"Quels ingr\\u00e9dients pour fabriquer son e-liquide DIY ?\",\"icon\":\"chevron-right\",\"icon_align\":\"right\",\"link\":\"index.php?page_id=2799\"}}]}]}]}],\"name\":\"footer DIY\"}],\"version\":\"4.4.7\"} --><\/p>\n","protected":false},"excerpt":{"rendered":"<p>Fabriquer un e-liquide DIY step by step&#8230; Une fois que vous avez r\u00e9uni tous les \u00e9quipement n\u00e9cessaires, vous allez pouvoir vous lancer dans la fabrication de votre e-liquide DIY. Pas de panique,\u00a0on vous accompagne \u00e9tape par \u00e9tape\u00a0! Pensez \u00e0 bien vous laver les mains entre chaque manipulation. \u00c9tape 1 : Prot\u00e9gez vous\u00a0 Munissez vous de [&hellip;]<\/p>\n","protected":false},"author":1,"featured_media":5889,"parent":0,"menu_order":2,"comment_status":"closed","ping_status":"closed","template":"","meta":{"footnotes":""},"class_list":["post-2938","page","type-page","status-publish","has-post-thumbnail","hentry"],"aioseo_notices":[],"jetpack_sharing_enabled":true,"_links":{"self":[{"href":"https:\/\/www.oliquide.com\/blog\/wp-json\/wp\/v2\/pages\/2938","targetHints":{"allow":["GET"]}}],"collection":[{"href":"https:\/\/www.oliquide.com\/blog\/wp-json\/wp\/v2\/pages"}],"about":[{"href":"https:\/\/www.oliquide.com\/blog\/wp-json\/wp\/v2\/types\/page"}],"author":[{"embeddable":true,"href":"https:\/\/www.oliquide.com\/blog\/wp-json\/wp\/v2\/users\/1"}],"replies":[{"embeddable":true,"href":"https:\/\/www.oliquide.com\/blog\/wp-json\/wp\/v2\/comments?post=2938"}],"version-history":[{"count":0,"href":"https:\/\/www.oliquide.com\/blog\/wp-json\/wp\/v2\/pages\/2938\/revisions"}],"wp:featuredmedia":[{"embeddable":true,"href":"https:\/\/www.oliquide.com\/blog\/wp-json\/wp\/v2\/media\/5889"}],"wp:attachment":[{"href":"https:\/\/www.oliquide.com\/blog\/wp-json\/wp\/v2\/media?parent=2938"}],"curies":[{"name":"wp","href":"https:\/\/api.w.org\/{rel}","templated":true}]}}