{"id":59,"date":"2015-11-17T08:54:18","date_gmt":"2015-11-17T07:54:18","guid":{"rendered":"http:\/\/vapactu.oliquide.com\/?page_id=59"},"modified":"2025-05-27T15:25:06","modified_gmt":"2025-05-27T13:25:06","slug":"tutoriels-oliquide","status":"publish","type":"page","link":"https:\/\/www.oliquide.com\/blog\/tutoriels-oliquide\/","title":{"rendered":"Nos tutos matos"},"content":{"rendered":"<p><img decoding=\"async\" src=\"\/blog\/wp-content\/uploads\/2025\/05\/tuto.svg\" alt=\"\"><\/p>\n<div id=\"ez-toc-container\" class=\"ez-toc-v2_0_82_2 counter-hierarchy ez-toc-counter ez-toc-grey ez-toc-container-direction\">\n<div class=\"ez-toc-title-container\">\n<p class=\"ez-toc-title\" style=\"cursor:inherit\">Sommaire<\/p>\n<span class=\"ez-toc-title-toggle\"><a href=\"#\" class=\"ez-toc-pull-right ez-toc-btn ez-toc-btn-xs ez-toc-btn-default ez-toc-toggle\" aria-label=\"Toggle Table of Content\"><span class=\"ez-toc-js-icon-con\"><span class=\"\"><span class=\"eztoc-hide\" style=\"display:none;\">Toggle<\/span><span class=\"ez-toc-icon-toggle-span\"><svg style=\"fill: #999;color:#999\" xmlns=\"http:\/\/www.w3.org\/2000\/svg\" class=\"list-377408\" width=\"20px\" height=\"20px\" viewBox=\"0 0 24 24\" fill=\"none\"><path d=\"M6 6H4v2h2V6zm14 0H8v2h12V6zM4 11h2v2H4v-2zm16 0H8v2h12v-2zM4 16h2v2H4v-2zm16 0H8v2h12v-2z\" fill=\"currentColor\"><\/path><\/svg><svg style=\"fill: #999;color:#999\" class=\"arrow-unsorted-368013\" xmlns=\"http:\/\/www.w3.org\/2000\/svg\" width=\"10px\" height=\"10px\" viewBox=\"0 0 24 24\" version=\"1.2\" baseProfile=\"tiny\"><path d=\"M18.2 9.3l-6.2-6.3-6.2 6.3c-.2.2-.3.4-.3.7s.1.5.3.7c.2.2.4.3.7.3h11c.3 0 .5-.1.7-.3.2-.2.3-.5.3-.7s-.1-.5-.3-.7zM5.8 14.7l6.2 6.3 6.2-6.3c.2-.2.3-.5.3-.7s-.1-.5-.3-.7c-.2-.2-.4-.3-.7-.3h-11c-.3 0-.5.1-.7.3-.2.2-.3.5-.3.7s.1.5.3.7z\"\/><\/svg><\/span><\/span><\/span><\/a><\/span><\/div>\n<nav><ul class='ez-toc-list ez-toc-list-level-1 eztoc-toggle-hide-by-default' ><li class='ez-toc-page-1 ez-toc-heading-level-1'><a class=\"ez-toc-link ez-toc-heading-1\" href=\"https:\/\/www.oliquide.com\/blog\/tutoriels-oliquide\/#Nos_tutos_matos\" >Nos tutos matos<\/a><ul class='ez-toc-list-level-2' ><li class='ez-toc-heading-level-2'><a class=\"ez-toc-link ez-toc-heading-2\" href=\"https:\/\/www.oliquide.com\/blog\/tutoriels-oliquide\/#A_vous_de_choisir\" >\u00c0 vous de choisir !\u00a0<\/a><\/li><\/ul><\/li><\/ul><\/nav><\/div>\n<h1><span class=\"ez-toc-section\" id=\"Nos_tutos_matos\"><\/span>Nos tutos matos<span class=\"ez-toc-section-end\"><\/span><\/h1>\n<div>\n<div>\n<div>D\u00e9couvrez notre fameuse s\u00e9rie de vid\u00e9o dans laquelle nous nous attelons \u00e0 vous pr\u00e9senter des e-cigarettes en vid\u00e9o ! Pods, Mods, Boxs&#8230; il y en a pour tout le monde !<\/div>\n<\/div>\n<\/div>\n<div>\n<h2 style=\"text-align: center;\"><span class=\"ez-toc-section\" id=\"A_vous_de_choisir\"><\/span>\u00c0 vous de choisir !\u00a0<span class=\"ez-toc-section-end\"><\/span><\/h2>\n<p style=\"text-align: left;\">Bienvenue dans les tutos matos d&rsquo;Oliquide. Ici, vous pouvez retrouver tous les tutos qui ont \u00e9t\u00e9 r\u00e9alis\u00e9s sur les cigarettes \u00e9lectroniques en vente sur le site. Pour chaque tutos, nous vous proposons une pr\u00e9sentation compl\u00e8te et d\u00e9taill\u00e9e de chacune des e-cigs. Que se soit en terme de design, performances techniques, fonctionnalit\u00e9s ou encore l&rsquo;utilisation\u2026 rien ne sera laiss\u00e9 au hasard pour vous orienter comme il se doit sur le choix de votre vapoteuse !\u00a0<\/p>\n<\/p>\n<\/div>\n<ul>\n<li>\n<p>        <img decoding=\"async\" src=\"\/blog\/wp-content\/uploads\/2024\/09\/BANNI7RE-1.jpg\" alt=\"GTX GO 40 - Vaporesso\"><\/p>\n<h3>GTX GO 40 &#8211; Vaporesso<\/h3>\n<div>\n<p>D\u00e9couvrez le kit Pod GTX GO 40 de chez Vaporesso en vid\u00e9o avec Camille ! Retrouvez toutes les caract\u00e9ristiques en description.\u00a0<\/p>\n<\/div>\n<p><a href=\"\/blog\/gtx-go-40-de-vaporesso-tuto-matos\/\"><\/a><\/p>\n<\/li>\n<li>\n<p>        <img decoding=\"async\" src=\"\/blog\/wp-content\/uploads\/2024\/09\/LUXE-QS.jpg\" alt=\"\"><\/p>\n<h3>Luxe QS &#8211; Vaporesso<\/h3>\n<div>\n<p>D\u00e9couvrez le kit Luxe QS de chez Vaporesso en vid\u00e9o avec Marie ! Retrouvez toutes les caract\u00e9ristiques en description.\u00a0<\/p>\n<\/div>\n<p><a href=\"\/blog\/luxe-qs-de-vaporesso-tuto-matos\/\"><\/a><\/p>\n<\/li>\n<li>\n<p>        <img decoding=\"async\" src=\"\/blog\/wp-content\/uploads\/2024\/09\/T200.jpg\" alt=\"\"><\/p>\n<h3>Aegis Touch T200 &#8211; GeekVape<\/h3>\n<div>\n<p>D\u00e9couvrez le kit Aegis Touch T200 de chez GeekVape en vid\u00e9o avec Marie ! Retrouvez toutes les caract\u00e9ristiques en description.<\/p>\n<\/div>\n<\/li>\n<li>\n<p>        <img decoding=\"async\" src=\"\/blog\/wp-content\/uploads\/2024\/09\/DRAG-X-PRO.jpg\" alt=\"\"><\/p>\n<h3>Drag X Pro &#8211; Voopoo<\/h3>\n<div>\n<p>D\u00e9couvrez le kit Drag X Pro de chez Voopoo en vid\u00e9o avec Marie ! Retrouvez toutes les caract\u00e9ristiques en description.\u00a0<\/p>\n<\/div>\n<\/li>\n<li>\n<p>        <img decoding=\"async\" src=\"\/blog\/wp-content\/uploads\/2024\/09\/KROMA.jpg\" alt=\"\"><\/p>\n<h3>KROMA Z &#8211; Innokin<\/h3>\n<div>\n<p>D\u00e9couvrez le kit Kroma Z de chez Innokin en vid\u00e9o avec Camille ! Retrouvez toutes les caract\u00e9ristiques en description.\u00a0<\/p>\n<\/div>\n<\/li>\n<li>\n<p>        <img decoding=\"async\" src=\"\/blog\/wp-content\/uploads\/2024\/09\/itsick-t80.jpg\" alt=\"\"><\/p>\n<h3>Istick T80 &#8211; Eleaf<\/h3>\n<div>\n<p>D\u00e9couvrez le kit Istick T80 d&rsquo;Eleaf en vid\u00e9o avec Camille ! Retrouvez toutes les caract\u00e9ristiques en description.\u00a0<\/p>\n<\/div>\n<\/li>\n<li>\n<p>        <img decoding=\"async\" src=\"\/blog\/wp-content\/uploads\/2024\/09\/Q16FF.jpg\" alt=\"\"><\/p>\n<h3>Q16 FF &#8211; JustFog<\/h3>\n<div>\n<p>D\u00e9couvrez le kit Q16 FF de chez JustFog en vid\u00e9o avec Marie ! Retrouvez toutes les caract\u00e9ristiques en description.\u00a0<\/p>\n<\/div>\n<\/li>\n<li>\n<p>        <img decoding=\"async\" src=\"\/blog\/wp-content\/uploads\/2024\/09\/klypse.jpg\" alt=\"\"><\/p>\n<h3>Klypse &#8211; Innokin<\/h3>\n<div>\n<p>D\u00e9couvrez le kit Klypse de chez Innokin en vid\u00e9o avec Camille ! Retrouvez toutes les caract\u00e9ristiques en description.\u00a0<\/p>\n<\/div>\n<\/li>\n<li>\n<p>        <img decoding=\"async\" src=\"\/blog\/wp-content\/uploads\/2024\/09\/Z60.jpg\" alt=\"\"><\/p>\n<h3>CoolFire Z60 &#8211; Innokin<\/h3>\n<div>\n<p>D\u00e9couvrez le kit CoolFire Z60 en vid\u00e9o avec Ma\u00ebva ! Retrouvez toutes les caract\u00e9ristiques en description.\u00a0<\/p>\n<\/div>\n<\/li>\n<li>\n<p>        <img decoding=\"async\" src=\"\/blog\/wp-content\/uploads\/2024\/09\/LUXE-XR-MAX-1.jpg\" alt=\"\"><\/p>\n<h3>Luxe XR Max &#8211; Vaporesso<\/h3>\n<\/li>\n<li>\n<p>        <img decoding=\"async\" src=\"\/blog\/wp-content\/uploads\/2024\/09\/TRINE-1.jpg\" alt=\"\"><\/p>\n<h3>Trine &#8211; Innokin<\/h3>\n<\/li>\n<li>\n<p>        <img decoding=\"async\" src=\"\/blog\/wp-content\/uploads\/2024\/09\/ZELOS.jpg\" alt=\"\"><\/p>\n<h3>Zelos Nano &#8211; Aspire<\/h3>\n<\/li>\n<li>\n<p>        <img decoding=\"async\" src=\"\/blog\/wp-content\/uploads\/2024\/09\/M100-MINIATURE-1.jpg\" alt=\"\"><\/p>\n<h3>M100 &#8211; Geekvape<\/h3>\n<\/li>\n<li>\n<p>        <img decoding=\"async\" src=\"\/blog\/wp-content\/uploads\/2024\/09\/istick.jpg\" alt=\"\"><\/p>\n<h3>Istick i40 &#8211; Eleaf<\/h3>\n<\/li>\n<\/ul>\n<p><p>\n        <a href=\"https:\/\/www.youtube.com\/@oliquide\">Acc\u00e9dez \u00e0 tous les tutos matos d&rsquo;Oliquide sur notre cha\u00eene Youtube !<\/a>\n    <\/p>\n<\/p>\n<p><!--more--><br \/>\n<!-- {\"type\":\"layout\",\"children\":[{\"type\":\"section\",\"props\":{\"image_position\":\"center-center\",\"padding_remove_bottom\":false,\"style\":\"muted\",\"title_breakpoint\":\"xl\",\"title_position\":\"top-left\",\"title_rotation\":\"left\",\"vertical_align\":\"\",\"width\":\"default\"},\"children\":[{\"type\":\"row\",\"children\":[{\"type\":\"column\",\"props\":{\"image_position\":\"center-center\",\"position_sticky_breakpoint\":\"m\",\"vertical_align\":\"middle\",\"width_medium\":\"1-6\",\"width_small\":\"1-5\"},\"children\":[{\"type\":\"image\",\"props\":{\"image\":\"wp-content\\\/uploads\\\/2025\\\/05\\\/tuto.svg\",\"image_height\":100,\"image_svg_color\":\"emphasis\",\"margin\":\"default\",\"text_align\":\"center\"}}]},{\"type\":\"column\",\"props\":{\"image_position\":\"center-center\",\"position_sticky_breakpoint\":\"m\",\"width_medium\":\"5-6\",\"width_small\":\"4-5\"},\"children\":[{\"type\":\"headline\",\"props\":{\"content\":\"Nos tutos matos\",\"title_element\":\"h1\"}},{\"type\":\"text\",\"props\":{\"column_breakpoint\":\"m\",\"content\":\"\n\n<div>\\n\n\n<div>D\\u00e9couvrez notre fameuse s\\u00e9rie de vid\\u00e9o dans laquelle nous nous attelons \\u00e0 vous pr\\u00e9senter des e-cigarettes en vid\\u00e9o ! Pods, Mods, Boxs... il y en a pour tout le monde !<\\\/div>\\n<\\\/div>\",\"dropcap\":false,\"margin\":\"default\",\"text_style\":\"lead\"}}]}],\"props\":{\"layout\":\"1-6,5-6|1-5,4-5\"}}],\"name\":\"TEMPLATE TITRE PAGE \"},{\"type\":\"section\",\"props\":{\"image_position\":\"center-center\",\"style\":\"default\",\"title_breakpoint\":\"xl\",\"title_position\":\"top-left\",\"title_rotation\":\"left\",\"vertical_align\":\"\",\"width\":\"default\"},\"children\":[{\"type\":\"row\",\"children\":[{\"type\":\"column\",\"props\":{\"image_position\":\"center-center\",\"position_sticky_breakpoint\":\"m\"},\"children\":[{\"type\":\"text\",\"props\":{\"column_breakpoint\":\"m\",\"content\":\"\n\n<h2 style=\\\"text-align: center;\\\">\\u00c0 vous de choisir !\\u00a0<\\\/h2>\\n\n\n<p style=\\\"text-align: left;\\\">Bienvenue dans les tutos matos d'Oliquide. Ici, vous pouvez retrouver tous les tutos qui ont \\u00e9t\\u00e9 r\\u00e9alis\\u00e9s sur les cigarettes \\u00e9lectroniques en vente sur le site. Pour chaque tutos, nous vous proposons une pr\\u00e9sentation compl\\u00e8te et d\\u00e9taill\\u00e9e de chacune des e-cigs. Que se soit en terme de design, performances techniques, fonctionnalit\\u00e9s ou encore l'utilisation\\u2026 rien ne sera laiss\\u00e9 au hasard pour vous orienter comme il se doit sur le choix de votre vapoteuse !\\u00a0<\\\/p>\\n\n\n<p><\\\/p>\",\"margin\":\"default\"}},{\"type\":\"grid\",\"props\":{\"content_column_breakpoint\":\"m\",\"filter\":false,\"filter_align\":\"left\",\"filter_all\":true,\"filter_grid_breakpoint\":\"m\",\"filter_grid_width\":\"auto\",\"filter_position\":\"top\",\"filter_style\":\"tab\",\"grid_column_align\":false,\"grid_default\":\"2\",\"grid_divider\":false,\"grid_medium\":\"3\",\"grid_parallax\":\"0\",\"grid_parallax_justify\":false,\"grid_row_align\":false,\"icon_width\":\"80\",\"image_align\":\"between\",\"image_border\":\"rounded\",\"image_box_decoration\":\"mask\",\"image_grid_breakpoint\":\"m\",\"image_grid_width\":\"1-2\",\"image_link\":true,\"image_margin\":\"small\",\"image_svg_color\":\"emphasis\",\"item_animation\":true,\"lightbox\":false,\"lightbox_bg_close\":true,\"link_fullwidth\":false,\"link_margin\":\"small\",\"link_style\":\"default\",\"link_text\":\"\",\"margin\":\"\",\"meta_align\":\"above-title\",\"meta_element\":\"div\",\"meta_style\":\"text-meta\",\"panel_link\":false,\"panel_style\":\"card-default\",\"show_content\":false,\"show_hover_image\":true,\"show_hover_video\":true,\"show_image\":true,\"show_link\":true,\"show_meta\":true,\"show_title\":false,\"show_video\":true,\"text_align\":\"center\",\"title_align\":\"top\",\"title_element\":\"h3\",\"title_grid_breakpoint\":\"m\",\"title_grid_width\":\"1-2\",\"title_hover_style\":\"reset\",\"title_link\":false,\"title_margin\":\"small\"},\"children\":[{\"type\":\"grid_item\",\"props\":{\"content\":\"\n\n<p>D\\u00e9couvrez le kit Pod GTX GO 40 de chez Vaporesso en vid\\u00e9o avec Camille ! Retrouvez toutes les caract\\u00e9ristiques en description.\\u00a0<\\\/p>\",\"image\":\"wp-content\\\/uploads\\\/2024\\\/09\\\/BANNI7RE-1.jpg\",\"image_alt\":\"GTX GO 40 - Vaporesso\",\"link\":\"\\\/blog\\\/gtx-go-40-de-vaporesso-tuto-matos\\\/\",\"title\":\"GTX GO 40 - Vaporesso\"}},{\"type\":\"grid_item\",\"props\":{\"content\":\"\n\n<p>D\\u00e9couvrez le kit Luxe QS de chez Vaporesso en vid\\u00e9o avec Marie ! Retrouvez toutes les caract\\u00e9ristiques en description.\\u00a0<\\\/p>\",\"image\":\"wp-content\\\/uploads\\\/2024\\\/09\\\/LUXE-QS.jpg\",\"link\":\"\\\/blog\\\/luxe-qs-de-vaporesso-tuto-matos\\\/\",\"title\":\"Luxe QS - Vaporesso\"}},{\"type\":\"grid_item\",\"props\":{\"content\":\"\n\n<p>D\\u00e9couvrez le kit Aegis Touch T200 de chez GeekVape en vid\\u00e9o avec Marie ! Retrouvez toutes les caract\\u00e9ristiques en description.<\\\/p>\",\"image\":\"wp-content\\\/uploads\\\/2024\\\/09\\\/T200.jpg\",\"title\":\"Aegis Touch T200 - GeekVape\"},\"source\":{\"query\":{\"name\":\"posts.customPost\",\"arguments\":{\"terms\":[],\"category_operator\":\"IN\",\"post_tag_operator\":\"IN\",\"users\":[],\"users_operator\":\"IN\",\"offset\":0,\"order\":\"date\",\"order_direction\":\"DESC\",\"id\":9588}},\"props\":{\"link\":{\"filters\":{\"search\":\"\"},\"name\":\"link\"}}}},{\"type\":\"grid_item\",\"props\":{\"content\":\"\n\n<p>D\\u00e9couvrez le kit Drag X Pro de chez Voopoo en vid\\u00e9o avec Marie ! Retrouvez toutes les caract\\u00e9ristiques en description.\\u00a0<\\\/p>\",\"image\":\"wp-content\\\/uploads\\\/2024\\\/09\\\/DRAG-X-PRO.jpg\",\"title\":\"Drag X Pro - Voopoo\"},\"source\":{\"query\":{\"name\":\"posts.customPost\",\"arguments\":{\"terms\":[],\"category_operator\":\"IN\",\"post_tag_operator\":\"IN\",\"users\":[],\"users_operator\":\"IN\",\"offset\":0,\"order\":\"date\",\"order_direction\":\"DESC\",\"id\":9264}},\"props\":{\"link\":{\"filters\":{\"search\":\"\"},\"name\":\"link\"}}}},{\"type\":\"grid_item\",\"props\":{\"content\":\"\n\n<p>D\\u00e9couvrez le kit Kroma Z de chez Innokin en vid\\u00e9o avec Camille ! Retrouvez toutes les caract\\u00e9ristiques en description.\\u00a0<\\\/p>\",\"image\":\"wp-content\\\/uploads\\\/2024\\\/09\\\/KROMA.jpg\",\"title\":\"KROMA Z - Innokin\"},\"source\":{\"query\":{\"name\":\"posts.customPost\",\"arguments\":{\"terms\":[],\"category_operator\":\"IN\",\"post_tag_operator\":\"IN\",\"users\":[],\"users_operator\":\"IN\",\"offset\":0,\"order\":\"date\",\"order_direction\":\"DESC\",\"id\":9384}},\"props\":{\"link\":{\"filters\":{\"search\":\"\"},\"name\":\"link\"}}}},{\"type\":\"grid_item\",\"props\":{\"content\":\"\n\n<p>D\\u00e9couvrez le kit Istick T80 d'Eleaf en vid\\u00e9o avec Camille ! Retrouvez toutes les caract\\u00e9ristiques en description.\\u00a0<\\\/p>\",\"image\":\"wp-content\\\/uploads\\\/2024\\\/09\\\/itsick-t80.jpg\",\"title\":\"Istick T80 - Eleaf\"},\"source\":{\"query\":{\"name\":\"posts.customPost\",\"arguments\":{\"terms\":[],\"category_operator\":\"IN\",\"post_tag_operator\":\"IN\",\"users\":[],\"users_operator\":\"IN\",\"offset\":0,\"order\":\"date\",\"order_direction\":\"DESC\",\"id\":9493}},\"props\":{\"link\":{\"filters\":{\"search\":\"\"},\"name\":\"link\"}}}},{\"type\":\"grid_item\",\"props\":{\"content\":\"\n\n<p>D\\u00e9couvrez le kit Q16 FF de chez JustFog en vid\\u00e9o avec Marie ! Retrouvez toutes les caract\\u00e9ristiques en description.\\u00a0<\\\/p>\",\"image\":\"wp-content\\\/uploads\\\/2024\\\/09\\\/Q16FF.jpg\",\"title\":\"Q16 FF - JustFog\"},\"source\":{\"query\":{\"name\":\"posts.customPost\",\"arguments\":{\"terms\":[],\"category_operator\":\"IN\",\"post_tag_operator\":\"IN\",\"users\":[],\"users_operator\":\"IN\",\"offset\":0,\"order\":\"date\",\"order_direction\":\"DESC\",\"id\":9441}},\"props\":{\"link\":{\"filters\":{\"search\":\"\"},\"name\":\"link\"}}}},{\"type\":\"grid_item\",\"props\":{\"content\":\"\n\n<p>D\\u00e9couvrez le kit Klypse de chez Innokin en vid\\u00e9o avec Camille ! Retrouvez toutes les caract\\u00e9ristiques en description.\\u00a0<\\\/p>\",\"image\":\"wp-content\\\/uploads\\\/2024\\\/09\\\/klypse.jpg\",\"meta\":\"\",\"title\":\"Klypse - Innokin\"},\"source\":{\"query\":{\"name\":\"posts.customPost\",\"arguments\":{\"terms\":[],\"category_operator\":\"IN\",\"post_tag_operator\":\"IN\",\"users\":[],\"users_operator\":\"IN\",\"offset\":0,\"order\":\"date\",\"order_direction\":\"DESC\",\"id\":9542}},\"props\":{\"link\":{\"filters\":{\"search\":\"\"},\"name\":\"link\"}}}},{\"type\":\"grid_item\",\"props\":{\"content\":\"\n\n<p>D\\u00e9couvrez le kit CoolFire Z60 en vid\\u00e9o avec Ma\\u00ebva ! Retrouvez toutes les caract\\u00e9ristiques en description.\\u00a0<\\\/p>\",\"image\":\"wp-content\\\/uploads\\\/2024\\\/09\\\/Z60.jpg\",\"title\":\"CoolFire Z60 - Innokin\"},\"source\":{\"query\":{\"name\":\"posts.customPost\",\"arguments\":{\"terms\":[],\"category_operator\":\"IN\",\"post_tag_operator\":\"IN\",\"users\":[],\"users_operator\":\"IN\",\"offset\":0,\"order\":\"date\",\"order_direction\":\"DESC\",\"id\":9644}},\"props\":{\"link\":{\"filters\":{\"search\":\"\"},\"name\":\"link\"}}}},{\"type\":\"grid_item\",\"props\":{\"image\":\"wp-content\\\/uploads\\\/2024\\\/09\\\/LUXE-XR-MAX-1.jpg\",\"title\":\"Luxe XR Max - Vaporesso\"},\"source\":{\"query\":{\"name\":\"posts.customPost\",\"arguments\":{\"terms\":[],\"category_operator\":\"IN\",\"post_tag_operator\":\"IN\",\"users\":[],\"users_operator\":\"IN\",\"offset\":0,\"order\":\"date\",\"order_direction\":\"DESC\",\"id\":9776}},\"props\":{\"link\":{\"filters\":{\"search\":\"\"},\"name\":\"link\"}}}},{\"type\":\"grid_item\",\"props\":{\"image\":\"wp-content\\\/uploads\\\/2024\\\/09\\\/TRINE-1.jpg\",\"title\":\"Trine - Innokin\"},\"source\":{\"query\":{\"name\":\"posts.customPost\",\"arguments\":{\"terms\":[],\"category_operator\":\"IN\",\"post_tag_operator\":\"IN\",\"users\":[],\"users_operator\":\"IN\",\"offset\":0,\"order\":\"date\",\"order_direction\":\"DESC\",\"id\":9961}},\"props\":{\"link\":{\"filters\":{\"search\":\"\"},\"name\":\"link\"}}}},{\"type\":\"grid_item\",\"props\":{\"image\":\"wp-content\\\/uploads\\\/2024\\\/09\\\/ZELOS.jpg\",\"title\":\"Zelos Nano - Aspire\"},\"source\":{\"query\":{\"name\":\"posts.customPost\",\"arguments\":{\"terms\":[],\"category_operator\":\"IN\",\"post_tag_operator\":\"IN\",\"users\":[],\"users_operator\":\"IN\",\"offset\":0,\"order\":\"date\",\"order_direction\":\"DESC\",\"id\":10097}},\"props\":{\"link\":{\"filters\":{\"search\":\"\"},\"name\":\"link\"}}}},{\"type\":\"grid_item\",\"props\":{\"image\":\"wp-content\\\/uploads\\\/2024\\\/09\\\/M100-MINIATURE-1.jpg\",\"title\":\"M100 - Geekvape\"},\"source\":{\"query\":{\"name\":\"posts.customPost\",\"arguments\":{\"terms\":[],\"category_operator\":\"IN\",\"post_tag_operator\":\"IN\",\"users\":[],\"users_operator\":\"IN\",\"offset\":0,\"order\":\"date\",\"order_direction\":\"DESC\",\"id\":9999}},\"props\":{\"link\":{\"filters\":{\"search\":\"\"},\"name\":\"link\"}}}},{\"type\":\"grid_item\",\"props\":{\"image\":\"wp-content\\\/uploads\\\/2024\\\/09\\\/istick.jpg\",\"title\":\"Istick i40 - Eleaf\"},\"source\":{\"query\":{\"name\":\"posts.customPost\",\"arguments\":{\"terms\":[],\"category_operator\":\"IN\",\"post_tag_operator\":\"IN\",\"users\":[],\"users_operator\":\"IN\",\"offset\":0,\"order\":\"date\",\"order_direction\":\"DESC\",\"id\":10063}},\"props\":{\"link\":{\"filters\":{\"search\":\"\"},\"name\":\"link\"}}}}]}]}]}],\"name\":\"PAGE EN CONSTRUCTION\"},{\"type\":\"section\",\"props\":{\"image_position\":\"center-center\",\"style\":\"default\",\"title_breakpoint\":\"xl\",\"title_position\":\"top-left\",\"title_rotation\":\"left\",\"vertical_align\":\"\",\"width\":\"default\"},\"children\":[{\"type\":\"row\",\"children\":[{\"type\":\"column\",\"props\":{\"image_position\":\"center-center\",\"position_sticky_breakpoint\":\"m\"},\"children\":[{\"type\":\"button\",\"props\":{\"grid_column_gap\":\"small\",\"grid_row_gap\":\"small\",\"margin\":\"default\",\"text_align\":\"center\"},\"children\":[{\"type\":\"button_item\",\"props\":{\"button_style\":\"primary\",\"content\":\"Acc\\u00e9dez \\u00e0 tous les tutos matos d'Oliquide sur notre cha\\u00eene Youtube !\",\"dialog_layout\":\"modal\",\"dialog_offcanvas_flip\":true,\"icon\":\"chevron-right\",\"icon_align\":\"right\",\"link\":\"https:\\\/\\\/www.youtube.com\\\/@oliquide\",\"link_target\":\"blank\"}}]}]}]}]}],\"version\":\"4.5.17\"} --><\/p>\n","protected":false},"excerpt":{"rendered":"<p>Nos tutos matos D\u00e9couvrez notre fameuse s\u00e9rie de vid\u00e9o dans laquelle nous nous attelons \u00e0 vous pr\u00e9senter des e-cigarettes en vid\u00e9o ! Pods, Mods, Boxs&#8230; il y en a pour tout le monde ! \u00c0 vous de choisir !\u00a0 Bienvenue dans les tutos matos d&rsquo;Oliquide. Ici, vous pouvez retrouver tous les tutos qui ont \u00e9t\u00e9 [&hellip;]<\/p>\n","protected":false},"author":1,"featured_media":0,"parent":0,"menu_order":0,"comment_status":"closed","ping_status":"closed","template":"","meta":{"footnotes":""},"class_list":["post-59","page","type-page","status-publish","hentry"],"aioseo_notices":[],"jetpack_sharing_enabled":true,"_links":{"self":[{"href":"https:\/\/www.oliquide.com\/blog\/wp-json\/wp\/v2\/pages\/59","targetHints":{"allow":["GET"]}}],"collection":[{"href":"https:\/\/www.oliquide.com\/blog\/wp-json\/wp\/v2\/pages"}],"about":[{"href":"https:\/\/www.oliquide.com\/blog\/wp-json\/wp\/v2\/types\/page"}],"author":[{"embeddable":true,"href":"https:\/\/www.oliquide.com\/blog\/wp-json\/wp\/v2\/users\/1"}],"replies":[{"embeddable":true,"href":"https:\/\/www.oliquide.com\/blog\/wp-json\/wp\/v2\/comments?post=59"}],"version-history":[{"count":8,"href":"https:\/\/www.oliquide.com\/blog\/wp-json\/wp\/v2\/pages\/59\/revisions"}],"predecessor-version":[{"id":15722,"href":"https:\/\/www.oliquide.com\/blog\/wp-json\/wp\/v2\/pages\/59\/revisions\/15722"}],"wp:attachment":[{"href":"https:\/\/www.oliquide.com\/blog\/wp-json\/wp\/v2\/media?parent=59"}],"curies":[{"name":"wp","href":"https:\/\/api.w.org\/{rel}","templated":true}]}}