{"id":6874,"date":"2023-08-09T08:13:42","date_gmt":"2023-08-09T07:13:42","guid":{"rendered":"https:\/\/vapactu.oliquide.com\/?page_id=6874"},"modified":"2025-09-09T09:56:09","modified_gmt":"2025-09-09T07:56:09","slug":"nos-conseils-cbd","status":"publish","type":"page","link":"https:\/\/www.oliquide.com\/blog\/nos-conseils-cbd\/","title":{"rendered":"Nos conseils CBD"},"content":{"rendered":"<h1>Nos conseils CBD<\/h1>\n<div>\n<p>Comment choisir son dosage en CBD ? Quel mat\u00e9riel utiliser pour vaper du CBD ? Doit-on prendre une r\u00e9sistance sp\u00e9ciale pour vapoter des eliquides au CBD ? D\u00e9couvrez tous les conseils d&rsquo;Oli &amp; Vapo !<\/p>\n<\/div>\n<div>\n<\/div>\n<p><!--more--><br \/>\n<!-- {\"type\":\"layout\",\"children\":[{\"type\":\"section\",\"props\":{\"header_transparent\":false,\"image\":\"wp-content\\\/uploads\\\/2025\\\/09\\\/fond-bleu-vague3.svg\",\"image_position\":\"center-center\",\"image_size\":\"cover\",\"overlap\":false,\"padding_remove_top\":false,\"preserve_color\":false,\"style\":\"default\",\"text_color\":\"light\",\"title_breakpoint\":\"xl\",\"title_position\":\"top-left\",\"title_rotation\":\"left\",\"vertical_align\":\"middle\",\"width\":\"default\"},\"children\":[{\"type\":\"row\",\"children\":[{\"type\":\"column\",\"props\":{\"image_position\":\"center-center\",\"position_sticky_breakpoint\":\"m\"},\"children\":[{\"type\":\"headline\",\"props\":{\"content\":\"Nos conseils CBD\",\"title_element\":\"h1\"}},{\"type\":\"text\",\"props\":{\"column_breakpoint\":\"m\",\"content\":\"\n\n<p>Comment choisir son dosage en CBD ? Quel mat\\u00e9riel utiliser pour vaper du CBD ? Doit-on prendre une r\\u00e9sistance sp\\u00e9ciale pour vapoter des eliquides au CBD ? D\\u00e9couvrez tous les conseils d'Oli &amp; Vapo !<\\\/p>\",\"margin\":\"default\"}}]}]},{\"type\":\"row\",\"children\":[{\"type\":\"column\",\"props\":{\"image_position\":\"center-center\",\"position_sticky_breakpoint\":\"m\"}}]}]},{\"type\":\"section\",\"props\":{\"image_position\":\"center-center\",\"style\":\"default\",\"title_breakpoint\":\"xl\",\"title_position\":\"top-left\",\"title_rotation\":\"left\",\"vertical_align\":\"middle\",\"width\":\"default\"},\"children\":[{\"type\":\"row\",\"children\":[{\"type\":\"column\",\"props\":{\"image_position\":\"center-center\",\"position_sticky_breakpoint\":\"m\"},\"children\":[{\"type\":\"grid\",\"props\":{\"blend\":false,\"content_align\":false,\"content_column_breakpoint\":\"m\",\"content_dropcap\":false,\"filter\":false,\"filter_align\":\"left\",\"filter_all\":true,\"filter_grid_breakpoint\":\"m\",\"filter_grid_width\":\"auto\",\"filter_position\":\"top\",\"filter_style\":\"tab\",\"grid_column_align\":false,\"grid_default\":\"1\",\"grid_divider\":false,\"grid_medium\":\"3\",\"grid_parallax_justify\":false,\"grid_row_align\":false,\"icon_width\":80,\"image_align\":\"top\",\"image_grid_breakpoint\":\"m\",\"image_grid_width\":\"1-2\",\"image_height\":250,\"image_loading\":false,\"image_svg_color\":\"emphasis\",\"image_transition\":\"scale-down\",\"image_transition_border\":true,\"image_width\":400,\"item_animation\":true,\"lightbox_bg_close\":true,\"link_fullwidth\":true,\"link_style\":\"primary\",\"link_text\":\"\",\"margin\":\"default\",\"meta_align\":\"above-title\",\"meta_color\":\"primary\",\"meta_element\":\"div\",\"meta_style\":\"text-meta\",\"panel_image_no_padding\":true,\"panel_link\":true,\"panel_link_hover\":true,\"panel_padding\":\"small\",\"panel_style\":\"card-default\",\"show_content\":true,\"show_hover_image\":true,\"show_hover_video\":true,\"show_image\":true,\"show_link\":true,\"show_meta\":true,\"show_title\":true,\"show_video\":true,\"title_align\":\"top\",\"title_element\":\"h3\",\"title_grid_breakpoint\":\"m\",\"title_grid_width\":\"1-2\",\"title_hover_style\":\"reset\",\"title_margin\":\"remove\"},\"children\":[{\"type\":\"grid_item\",\"source\":{\"query\":{\"name\":\"posts.customPosts\",\"arguments\":{\"terms\":[27],\"category_operator\":\"IN\",\"post_tag_operator\":\"IN\",\"users\":[],\"users_operator\":\"IN\",\"offset\":0,\"limit\":5000,\"order\":\"date\",\"order_direction\":\"DESC\",\"category_include_children\":\"\",\"order_alphanum\":false}},\"props\":{\"title\":{\"name\":\"title\"},\"content\":{\"name\":\"excerpt\"},\"link\":{\"name\":\"link\"},\"image\":{\"name\":\"featuredImage.url\"},\"meta\":{\"arguments\":{\"separator\":\", \",\"show_link\":true,\"link_style\":\"\"},\"name\":\"categoryString\"}}}}],\"name\":\"Grille articles std\"}]}]}]}],\"version\":\"4.5.26\"} --><\/p>\n","protected":false},"excerpt":{"rendered":"<p>Nos conseils CBD Comment choisir son dosage en CBD ? Quel mat\u00e9riel utiliser pour vaper du CBD ? Doit-on prendre une r\u00e9sistance sp\u00e9ciale pour vapoter des eliquides au CBD ? D\u00e9couvrez tous les conseils d&rsquo;Oli &amp; Vapo !<\/p>\n","protected":false},"author":2,"featured_media":0,"parent":0,"menu_order":0,"comment_status":"closed","ping_status":"closed","template":"","meta":{"footnotes":""},"class_list":["post-6874","page","type-page","status-publish","hentry"],"aioseo_notices":[],"jetpack_sharing_enabled":true,"_links":{"self":[{"href":"https:\/\/www.oliquide.com\/blog\/wp-json\/wp\/v2\/pages\/6874","targetHints":{"allow":["GET"]}}],"collection":[{"href":"https:\/\/www.oliquide.com\/blog\/wp-json\/wp\/v2\/pages"}],"about":[{"href":"https:\/\/www.oliquide.com\/blog\/wp-json\/wp\/v2\/types\/page"}],"author":[{"embeddable":true,"href":"https:\/\/www.oliquide.com\/blog\/wp-json\/wp\/v2\/users\/2"}],"replies":[{"embeddable":true,"href":"https:\/\/www.oliquide.com\/blog\/wp-json\/wp\/v2\/comments?post=6874"}],"version-history":[{"count":12,"href":"https:\/\/www.oliquide.com\/blog\/wp-json\/wp\/v2\/pages\/6874\/revisions"}],"predecessor-version":[{"id":17012,"href":"https:\/\/www.oliquide.com\/blog\/wp-json\/wp\/v2\/pages\/6874\/revisions\/17012"}],"wp:attachment":[{"href":"https:\/\/www.oliquide.com\/blog\/wp-json\/wp\/v2\/media?parent=6874"}],"curies":[{"name":"wp","href":"https:\/\/api.w.org\/{rel}","templated":true}]}}