{"id":7206,"date":"2023-08-22T08:30:52","date_gmt":"2023-08-22T07:30:52","guid":{"rendered":"https:\/\/vapactu.oliquide.com\/?page_id=7206"},"modified":"2025-05-27T16:12:58","modified_gmt":"2025-05-27T14:12:58","slug":"nos-engagements-2","status":"publish","type":"page","link":"https:\/\/www.oliquide.com\/blog\/actus\/nos-engagements-2\/","title":{"rendered":"Biodiversit\u00e9"},"content":{"rendered":"<h1>Le coin de la biodiversit\u00e9 et de l&rsquo;environnement<\/h1>\n<div>\n<div>\n<p>Vous le savez, chez Oliquide, nous avons \u00e0 c\u0153ur de trouver des mani\u00e8res de rendre notre activit\u00e9 la plus \u00e9cologique et la moins nocive pour l&rsquo;environnement possible. Vous retrouverez ici toutes les informations sur les diff\u00e9rentes alternatives que nous mettons en place au quotidien \u00e0 ce sujet&#8230;<\/p>\n<\/div>\n<\/div>\n<div>\n<\/div>\n<p><!--more--><br \/>\n<!-- {\"type\":\"layout\",\"children\":[{\"type\":\"section\",\"props\":{\"image_position\":\"center-center\",\"padding_remove_bottom\":false,\"style\":\"muted\",\"title_breakpoint\":\"xl\",\"title_position\":\"top-left\",\"title_rotation\":\"left\",\"vertical_align\":\"\",\"width\":\"default\"},\"children\":[{\"type\":\"row\",\"children\":[{\"type\":\"column\",\"props\":{\"image_position\":\"center-center\",\"position_sticky_breakpoint\":\"m\"},\"children\":[{\"type\":\"headline\",\"props\":{\"content\":\"Le coin de la biodiversit\\u00e9 et de l'environnement\",\"title_element\":\"h1\"}},{\"type\":\"text\",\"props\":{\"column_breakpoint\":\"m\",\"content\":\"\n\n<div>\\n\n\n<p>Vous le savez, chez Oliquide, nous avons \\u00e0 c\\u0153ur de trouver des mani\\u00e8res de rendre notre activit\\u00e9 la plus \\u00e9cologique et la moins nocive pour l'environnement possible. Vous retrouverez ici toutes les informations sur les diff\\u00e9rentes alternatives que nous mettons en place au quotidien \\u00e0 ce sujet...<\\\/p>\\n<\\\/div>\",\"dropcap\":false,\"margin\":\"default\"}}]}]}],\"name\":\"TEMPLATE TITRE PAGE \"},{\"type\":\"section\",\"props\":{\"image_position\":\"center-center\",\"style\":\"default\",\"title_breakpoint\":\"xl\",\"title_position\":\"top-left\",\"title_rotation\":\"left\",\"vertical_align\":\"\",\"width\":\"default\"},\"children\":[{\"type\":\"row\",\"children\":[{\"type\":\"column\",\"props\":{\"image_position\":\"center-center\",\"position_sticky_breakpoint\":\"m\"},\"children\":[{\"type\":\"grid\",\"props\":{\"content_column_breakpoint\":\"m\",\"css\":\".el-meta {\\n\\tposition:absolute;\\n    top: 0;\\n    display: inline-block;\\n    padding: 5px 8px;\\n    background-color: #B64757;\\n    left: 0;\\n}\\n\\n.el-meta a {\\n\\tcolor:white;\\n}\",\"filter_align\":\"left\",\"filter_all\":true,\"filter_grid_breakpoint\":\"m\",\"filter_grid_width\":\"auto\",\"filter_position\":\"top\",\"filter_style\":\"tab\",\"grid_column_align\":true,\"grid_default\":\"1\",\"grid_large\":\"3\",\"grid_medium\":\"2\",\"grid_xlarge\":\"auto\",\"icon_width\":\"100\",\"image_align\":\"top\",\"image_grid_breakpoint\":\"m\",\"image_grid_width\":\"1-2\",\"image_height\":\"220\",\"image_link\":true,\"image_loading\":true,\"image_svg_color\":\"emphasis\",\"image_svg_inline\":false,\"image_width\":\"460\",\"item_animation\":true,\"item_maxwidth\":\"large\",\"lightbox_bg_close\":true,\"link_style\":\"default\",\"link_text\":\"\",\"margin\":\"default\",\"meta_align\":\"above-title\",\"meta_color\":\"warning\",\"meta_element\":\"div\",\"meta_margin\":\"remove\",\"meta_style\":\"text-small\",\"panel_image_no_padding\":true,\"panel_padding\":\"small\",\"panel_style\":\"card-hover\",\"show_content\":false,\"show_hover_image\":true,\"show_hover_video\":true,\"show_image\":true,\"show_link\":true,\"show_meta\":false,\"show_title\":true,\"show_video\":true,\"title_align\":\"top\",\"title_element\":\"div\",\"title_grid_breakpoint\":\"m\",\"title_grid_width\":\"1-2\",\"title_hover_style\":\"reset\",\"title_margin\":\"remove\",\"title_style\":\"text-large\"},\"children\":[{\"type\":\"grid_item\",\"source\":{\"query\":{\"name\":\"posts.customPosts\",\"arguments\":{\"terms\":[5],\"category_operator\":\"IN\",\"post_tag_operator\":\"IN\",\"users\":[],\"users_operator\":\"IN\",\"offset\":0,\"limit\":6,\"order\":\"date\",\"order_direction\":\"DESC\"}},\"props\":{\"title\":{\"filters\":{\"search\":\"\"},\"name\":\"title\"},\"meta\":{\"filters\":{\"search\":\"\"},\"arguments\":{\"separator\":\", \",\"show_link\":true,\"link_style\":\"\"},\"name\":\"categoryString\"},\"image\":{\"filters\":{\"search\":\"\"},\"name\":\"featuredImage.url\"},\"link\":{\"filters\":{\"search\":\"\"},\"name\":\"link\"}}}}],\"name\":\"Grid Standard ARTICLES\"}]}]}]}],\"version\":\"4.5.17\"} --><\/p>\n","protected":false},"excerpt":{"rendered":"<p>Le coin de la biodiversit\u00e9 et de l&rsquo;environnement Vous le savez, chez Oliquide, nous avons \u00e0 c\u0153ur de trouver des mani\u00e8res de rendre notre activit\u00e9 la plus \u00e9cologique et la moins nocive pour l&rsquo;environnement possible. Vous retrouverez ici toutes les informations sur les diff\u00e9rentes alternatives que nous mettons en place au quotidien \u00e0 ce sujet&#8230;<\/p>\n","protected":false},"author":2,"featured_media":0,"parent":6252,"menu_order":3,"comment_status":"closed","ping_status":"closed","template":"","meta":{"footnotes":""},"class_list":["post-7206","page","type-page","status-publish","hentry"],"aioseo_notices":[],"jetpack_sharing_enabled":true,"_links":{"self":[{"href":"https:\/\/www.oliquide.com\/blog\/wp-json\/wp\/v2\/pages\/7206","targetHints":{"allow":["GET"]}}],"collection":[{"href":"https:\/\/www.oliquide.com\/blog\/wp-json\/wp\/v2\/pages"}],"about":[{"href":"https:\/\/www.oliquide.com\/blog\/wp-json\/wp\/v2\/types\/page"}],"author":[{"embeddable":true,"href":"https:\/\/www.oliquide.com\/blog\/wp-json\/wp\/v2\/users\/2"}],"replies":[{"embeddable":true,"href":"https:\/\/www.oliquide.com\/blog\/wp-json\/wp\/v2\/comments?post=7206"}],"version-history":[{"count":2,"href":"https:\/\/www.oliquide.com\/blog\/wp-json\/wp\/v2\/pages\/7206\/revisions"}],"predecessor-version":[{"id":15748,"href":"https:\/\/www.oliquide.com\/blog\/wp-json\/wp\/v2\/pages\/7206\/revisions\/15748"}],"up":[{"embeddable":true,"href":"https:\/\/www.oliquide.com\/blog\/wp-json\/wp\/v2\/pages\/6252"}],"wp:attachment":[{"href":"https:\/\/www.oliquide.com\/blog\/wp-json\/wp\/v2\/media?parent=7206"}],"curies":[{"name":"wp","href":"https:\/\/api.w.org\/{rel}","templated":true}]}}